{"id":1495,"date":"2023-05-10T06:54:59","date_gmt":"2023-05-10T04:54:59","guid":{"rendered":"https:\/\/ecell.es\/shop\/"},"modified":"2025-06-09T18:35:32","modified_gmt":"2025-06-09T16:35:32","slug":"shop","status":"publish","type":"page","link":"https:\/\/ecell.es\/es\/shop\/","title":{"rendered":"Tienda"},"content":{"rendered":"<p>[et_pb_section fb_built=\u00bb1&#8243; _builder_version=\u00bb4.21.0&#8243; _module_preset=\u00bbdefault\u00bb background_color=\u00bbrgba(0,0,0,0.2)\u00bb background_image=\u00bbhttps:\/\/ecell.es\/wp-content\/uploads\/2023\/06\/Shop.jpg\u00bb background_position=\u00bbcenter_left\u00bb background_blend=\u00bbmultiply\u00bb min_height=\u00bb540px\u00bb custom_padding=\u00bb175px||175px||true|false\u00bb locked=\u00bboff\u00bb global_colors_info=\u00bb{}\u00bb][et_pb_row column_structure=\u00bb1_4,3_4&#8243; use_custom_gutter=\u00bbon\u00bb gutter_width=\u00bb2&#8243; _builder_version=\u00bb4.24.3&#8243; _module_preset=\u00bbdefault\u00bb global_colors_info=\u00bb{}\u00bb][et_pb_column type=\u00bb1_4&#8243; disabled_on=\u00bboff|off|off\u00bb _builder_version=\u00bb4.24.3&#8243; _module_preset=\u00bbdefault\u00bb global_colors_info=\u00bb{}\u00bb][\/et_pb_column][et_pb_column type=\u00bb3_4&#8243; disabled_on=\u00bboff|off|off\u00bb _builder_version=\u00bb4.24.3&#8243; _module_preset=\u00bbdefault\u00bb global_colors_info=\u00bb{}\u00bb][et_pb_text _builder_version=\u00bb4.23&#8243; _module_preset=\u00bbdefault\u00bb header_font=\u00bb|600||on|||||\u00bb header_text_color=\u00bb#DBB564&#8243; header_font_size=\u00bb42px\u00bb header_line_height=\u00bb1.2em\u00bb custom_margin=\u00bb||0px||false|false\u00bb header_font_size_tablet=\u00bb36px\u00bb header_font_size_phone=\u00bb32px\u00bb header_font_size_last_edited=\u00bbon|desktop\u00bb header_text_shadow_style=\u00bbpreset3&#8243; global_colors_info=\u00bb{}\u00bb]<\/p>\n<h1><strong>ECELL wellness shop<\/strong><\/h1>\n<p>[\/et_pb_text][et_pb_text _builder_version=\u00bb4.25.1&#8243; _module_preset=\u00bbdefault\u00bb text_font_size=\u00bb20px\u00bb background_layout=\u00bbdark\u00bb module_alignment=\u00bbcenter\u00bb global_colors_info=\u00bb{}\u00bb]<\/p>\n<p><span>Tecnolog\u00eda y bienestar al servicio de su salud.<\/span><\/p>\n<p>[\/et_pb_text][\/et_pb_column][\/et_pb_row][\/et_pb_section][et_pb_section fb_built=\u00bb1&#8243; _builder_version=\u00bb4.21.0&#8243; _module_preset=\u00bbdefault\u00bb custom_padding=\u00bb21px|||||\u00bb global_colors_info=\u00bb{}\u00bb][et_pb_row _builder_version=\u00bb4.21.0&#8243; _module_preset=\u00bbdefault\u00bb min_height=\u00bb343.4px\u00bb global_colors_info=\u00bb{}\u00bb][et_pb_column type=\u00bb4_4&#8243; _builder_version=\u00bb4.21.0&#8243; _module_preset=\u00bbdefault\u00bb global_colors_info=\u00bb{}\u00bb][et_pb_text _builder_version=\u00bb4.25.1&#8243; _module_preset=\u00bbdefault\u00bb text_text_color=\u00bb#DBB564&#8243; text_font_size=\u00bb22px\u00bb global_colors_info=\u00bb{}\u00bb]<\/p>\n<p><strong>AGUA ESTRUCTURADA: HIDRATACI\u00d3N A NIVEL CELULAR<\/strong><\/p>\n<p>[\/et_pb_text][et_pb_shop type=\u00bbproduct_category\u00bb include_categories=\u00bb43&#8243; columns_number=\u00bb4&#8243; show_price=\u00bboff\u00bb show_sale_badge=\u00bboff\u00bb _builder_version=\u00bb4.25.1&#8243; _module_preset=\u00bbdefault\u00bb title_font=\u00bb|600|||||||\u00bb title_font_size=\u00bb18px\u00bb title_line_height=\u00bb1.2em\u00bb border_radii_image=\u00bbon|5px|5px|5px|5px\u00bb border_width_all_image=\u00bb1px\u00bb border_color_all_image=\u00bb#DBB564&#8243; global_colors_info=\u00bb{}\u00bb][\/et_pb_shop][\/et_pb_column][\/et_pb_row][et_pb_row _builder_version=\u00bb4.21.0&#8243; _module_preset=\u00bbdefault\u00bb global_colors_info=\u00bb{}\u00bb][et_pb_column type=\u00bb4_4&#8243; _builder_version=\u00bb4.21.0&#8243; _module_preset=\u00bbdefault\u00bb global_colors_info=\u00bb{}\u00bb][et_pb_text _builder_version=\u00bb4.25.1&#8243; _module_preset=\u00bbdefault\u00bb text_text_color=\u00bb#DBB564&#8243; text_font_size=\u00bb22px\u00bb global_colors_info=\u00bb{}\u00bb]<\/p>\n<p><b>ONDAS ELECTROMAGNETICAS PULSADAS: TU<span>\u00a0JUVENTUD Y ENERG\u00cdA CELULAR<\/span><\/b><\/p>\n<p>[\/et_pb_text][et_pb_shop type=\u00bbproduct_category\u00bb include_categories=\u00bb45&#8243; columns_number=\u00bb4&#8243; orderby=\u00bbmenu_order\u00bb show_price=\u00bboff\u00bb show_sale_badge=\u00bboff\u00bb _builder_version=\u00bb4.25.1&#8243; _module_preset=\u00bbdefault\u00bb title_font=\u00bb|600|||||||\u00bb title_font_size=\u00bb18px\u00bb title_line_height=\u00bb1.2em\u00bb border_radii_image=\u00bbon|5px|5px|5px|5px\u00bb border_width_all_image=\u00bb1px\u00bb border_color_all_image=\u00bb#DBB564&#8243; global_colors_info=\u00bb{}\u00bb][\/et_pb_shop][\/et_pb_column][\/et_pb_row][et_pb_row _builder_version=\u00bb4.21.0&#8243; _module_preset=\u00bbdefault\u00bb global_colors_info=\u00bb{}\u00bb][et_pb_column type=\u00bb4_4&#8243; _builder_version=\u00bb4.21.0&#8243; _module_preset=\u00bbdefault\u00bb global_colors_info=\u00bb{}\u00bb][et_pb_text _builder_version=\u00bb4.25.1&#8243; _module_preset=\u00bbdefault\u00bb text_text_color=\u00bb#DBB564&#8243; text_font_size=\u00bb22px\u00bb global_colors_info=\u00bb{}\u00bb]<\/p>\n<p><b>BELEZA:\u00a0<\/b><\/p>\n<p>[\/et_pb_text][et_pb_shop type=\u00bbproduct_category\u00bb include_categories=\u00bb70&#8243; columns_number=\u00bb4&#8243; orderby=\u00bbmenu_order\u00bb show_price=\u00bboff\u00bb show_sale_badge=\u00bboff\u00bb _builder_version=\u00bb4.25.1&#8243; _module_preset=\u00bbdefault\u00bb title_font=\u00bb|600|||||||\u00bb title_font_size=\u00bb18px\u00bb title_line_height=\u00bb1.2em\u00bb border_radii_image=\u00bbon|5px|5px|5px|5px\u00bb border_width_all_image=\u00bb1px\u00bb border_color_all_image=\u00bb#DBB564&#8243; global_colors_info=\u00bb{}\u00bb][\/et_pb_shop][\/et_pb_column][\/et_pb_row][et_pb_row column_structure=\u00bb1_2,1_2&#8243; use_custom_gutter=\u00bbon\u00bb gutter_width=\u00bb2&#8243; _builder_version=\u00bb4.21.0&#8243; _module_preset=\u00bbdefault\u00bb global_colors_info=\u00bb{}\u00bb][et_pb_column type=\u00bb1_2&#8243; _builder_version=\u00bb4.21.0&#8243; _module_preset=\u00bbdefault\u00bb global_colors_info=\u00bb{}\u00bb][et_pb_text _builder_version=\u00bb4.25.1&#8243; _module_preset=\u00bbdefault\u00bb global_colors_info=\u00bb{}\u00bb]<\/p>\n<p><strong>La colecci\u00f3n de productos de bienestar de vanguardia de eCell<\/strong> est\u00e1 dise\u00f1ada para ofrecer resultados excepcionales: mantener tu juventud y belleza, impulsar tu energ\u00eda vital, potenciar tu longevidad y ayudarte a disfrutar de una vida m\u00e1s saludable y plena.\u00a0Seleccionamos cuidadosamente nuestros productos y ofrecemos solo las soluciones m\u00e1s avanzadas y confiables del mercado.<\/p>\n<p>[\/et_pb_text][\/et_pb_column][et_pb_column type=\u00bb1_2&#8243; _builder_version=\u00bb4.21.0&#8243; _module_preset=\u00bbdefault\u00bb global_colors_info=\u00bb{}\u00bb][et_pb_text _builder_version=\u00bb4.25.1&#8243; _module_preset=\u00bbdefault\u00bb global_colors_info=\u00bb{}\u00bb]<\/p>\n<p>Explora nuestra gama de productos y descubre c\u00f3mo nuestras tecnolog\u00edas de bienestar pueden marcar una diferencia positiva en tu vida. No dudes en contactarnos si tienes alguna pregunta o necesitas asesoramiento personalizado. <strong>Estamos aqu\u00ed para ayudarte en tu camino hacia una vida m\u00e1s saludable y llena de energ\u00eda.<\/strong><\/p>\n<p>[\/et_pb_text][\/et_pb_column][\/et_pb_row][\/et_pb_section][et_pb_section fb_built=\u00bb1&#8243; disabled_on=\u00bboff|off|off\u00bb _builder_version=\u00bb4.22.2&#8243; _module_preset=\u00bbdefault\u00bb background_color=\u00bb#DBB564&#8243; background_enable_color=\u00bboff\u00bb background_image=\u00bbhttps:\/\/ecell.es\/wp-content\/uploads\/2023\/05\/FOTO-HOME-SOMNIS-1-1-removebg-preview.png\u00bb background_size=\u00bbcustom\u00bb background_image_width=\u00bb225px\u00bb background_position=\u00bbcenter_left\u00bb custom_padding=\u00bb0px||0px||true|false\u00bb background_last_edited=\u00bbon|phone\u00bb background_enable_image_phone=\u00bboff\u00bb border_width_top=\u00bb1px\u00bb border_color_top=\u00bb#DBB564&#8243; border_width_bottom=\u00bb1px\u00bb border_color_bottom=\u00bb#DBB564&#8243; saved_tabs=\u00bball\u00bb global_colors_info=\u00bb{}\u00bb][et_pb_row column_structure=\u00bb3_4,1_4&#8243; use_custom_gutter=\u00bbon\u00bb gutter_width=\u00bb2&#8243; disabled_on=\u00bboff|off|off\u00bb _builder_version=\u00bb4.21.0&#8243; _module_preset=\u00bbdefault\u00bb background_enable_color=\u00bboff\u00bb max_width=\u00bb800px\u00bb custom_margin=\u00bb20px||20px||true|false\u00bb custom_padding=\u00bb|20px||20px|false|true\u00bb border_radii=\u00bbon|5px|5px|5px|5px\u00bb border_color_all=\u00bb#efefef\u00bb global_colors_info=\u00bb{}\u00bb][et_pb_column type=\u00bb3_4&#8243; _builder_version=\u00bb4.21.0&#8243; _module_preset=\u00bbdefault\u00bb global_colors_info=\u00bb{}\u00bb][et_pb_text _builder_version=\u00bb4.27.4&#8243; _module_preset=\u00bbdefault\u00bb text_font=\u00bb|600|||||||\u00bb text_font_size=\u00bb20px\u00bb custom_margin=\u00bb10px||||false|false\u00bb hover_enabled=\u00bb0&#8243; text_orientation_tablet=\u00bbcenter\u00bb text_orientation_phone=\u00bbcenter\u00bb text_orientation_last_edited=\u00bbon|phone\u00bb global_colors_info=\u00bb{}\u00bb sticky_enabled=\u00bb0&#8243;]<\/p>\n<h4>\u00a1Estamos aqu\u00ed para ayudarte! Cont\u00e1ctanos para m\u00e1s informaci\u00f3n y soporte personalizado.<\/h4>\n<p>[\/et_pb_text][\/et_pb_column][et_pb_column type=\u00bb1_4&#8243; _builder_version=\u00bb4.21.0&#8243; _module_preset=\u00bbdefault\u00bb global_colors_info=\u00bb{}\u00bb][et_pb_button button_url=\u00bbhttps:\/\/ecell.es\/es\/contacto\/\u00bb button_text=\u00bbContacto\u00bb button_alignment=\u00bbcenter\u00bb button_alignment_tablet=\u00bbcenter\u00bb button_alignment_last_edited=\u00bboff|desktop\u00bb _builder_version=\u00bb4.27.4&#8243; _module_preset=\u00bbdefault\u00bb button_icon=\u00bb&#x35;||divi||400&#8243; hover_enabled=\u00bb0&#8243; global_colors_info=\u00bb{}\u00bb sticky_enabled=\u00bb0&#8243;][\/et_pb_button][\/et_pb_column][\/et_pb_row][\/et_pb_section]<\/p>\n<span class=\"et_bloom_bottom_trigger\"><\/span>","protected":false},"excerpt":{"rendered":"<p>ECELL wellness shopTecnolog\u00eda y bienestar al servicio de su salud.AGUA ESTRUCTURADA: HIDRATACI\u00d3N A NIVEL CELULARONDAS ELECTROMAGNETICAS PULSADAS: TU\u00a0JUVENTUD Y ENERG\u00cdA CELULARBELEZA:\u00a0La colecci\u00f3n de productos de bienestar de vanguardia de eCell est\u00e1 dise\u00f1ada para ofrecer resultados excepcionales: mantener tu juventud y belleza, impulsar tu energ\u00eda vital, potenciar tu longevidad y ayudarte a disfrutar de una vida [&hellip;]<\/p>\n","protected":false},"author":1,"featured_media":3646,"parent":0,"menu_order":1,"comment_status":"closed","ping_status":"closed","template":"","meta":{"_et_pb_use_builder":"on","_et_pb_old_content":"[et_pb_section admin_label=\"section\"]\n[et_pb_row admin_label=\"row\"]\n[et_pb_column type=\"4_4\"][et_pb_text admin_label=\"Text\"]\n\n[\/et_pb_text][\/et_pb_column]\n[\/et_pb_row]\n[\/et_pb_section]","_et_gb_content_width":"","footnotes":""},"class_list":["post-1495","page","type-page","status-publish","has-post-thumbnail","hentry"],"yoast_head":"<!-- This site is optimized with the Yoast SEO plugin v27.2 - https:\/\/yoast.com\/product\/yoast-seo-wordpress\/ -->\n<title>Tienda Online de Bienestar | eCell<\/title>\n<meta name=\"description\" content=\"Explora nuestra colecci\u00f3n de productos de bienestar: Agua Estructurada, PEMF y m\u00e1s. Mejora tu salud y belleza, y aumenta tu energ\u00eda vital.\" \/>\n<meta name=\"robots\" content=\"index, follow, max-snippet:-1, max-image-preview:large, max-video-preview:-1\" \/>\n<link rel=\"canonical\" href=\"https:\/\/ecell.es\/es\/shop\/\" \/>\n<meta property=\"og:locale\" content=\"es_ES\" \/>\n<meta property=\"og:type\" content=\"article\" \/>\n<meta property=\"og:title\" content=\"Tienda Online de Bienestar | eCell\" \/>\n<meta property=\"og:description\" content=\"Explora nuestra colecci\u00f3n de productos de bienestar: Agua Estructurada, PEMF y m\u00e1s. Mejora tu salud y belleza, y aumenta tu energ\u00eda vital.\" \/>\n<meta property=\"og:url\" content=\"https:\/\/ecell.es\/es\/shop\/\" \/>\n<meta property=\"og:site_name\" content=\"eCell\" \/>\n<meta property=\"article:publisher\" content=\"https:\/\/www.facebook.com\/eCell-Anti-Aging-Technologies-101623309114646\" \/>\n<meta property=\"article:modified_time\" content=\"2025-06-09T16:35:32+00:00\" \/>\n<meta property=\"og:image\" content=\"https:\/\/ecell.es\/wp-content\/uploads\/2024\/02\/eCell-Wellness-Shop.jpg\" \/>\n\t<meta property=\"og:image:width\" content=\"750\" \/>\n\t<meta property=\"og:image:height\" content=\"740\" \/>\n\t<meta property=\"og:image:type\" content=\"image\/jpeg\" \/>\n<meta name=\"twitter:card\" content=\"summary_large_image\" \/>\n<meta name=\"twitter:label1\" content=\"Tiempo de lectura\" \/>\n\t<meta name=\"twitter:data1\" content=\"1 minuto\" \/>\n<script type=\"application\/ld+json\" class=\"yoast-schema-graph\">{\"@context\":\"https:\/\/schema.org\",\"@graph\":[{\"@type\":\"WebPage\",\"@id\":\"https:\/\/ecell.es\/es\/shop\/\",\"url\":\"https:\/\/ecell.es\/es\/shop\/\",\"name\":\"Tienda Online de Bienestar | eCell\",\"isPartOf\":{\"@id\":\"https:\/\/ecell.es\/es\/#website\"},\"primaryImageOfPage\":{\"@id\":\"https:\/\/ecell.es\/es\/shop\/#primaryimage\"},\"image\":{\"@id\":\"https:\/\/ecell.es\/es\/shop\/#primaryimage\"},\"thumbnailUrl\":\"https:\/\/ecell.es\/wp-content\/uploads\/2024\/02\/eCell-Wellness-Shop.jpg\",\"datePublished\":\"2023-05-10T04:54:59+00:00\",\"dateModified\":\"2025-06-09T16:35:32+00:00\",\"description\":\"Explora nuestra colecci\u00f3n de productos de bienestar: Agua Estructurada, PEMF y m\u00e1s. Mejora tu salud y belleza, y aumenta tu energ\u00eda vital.\",\"inLanguage\":\"es\",\"potentialAction\":[{\"@type\":\"ReadAction\",\"target\":[\"https:\/\/ecell.es\/es\/shop\/\"]}]},{\"@type\":\"ImageObject\",\"inLanguage\":\"es\",\"@id\":\"https:\/\/ecell.es\/es\/shop\/#primaryimage\",\"url\":\"https:\/\/ecell.es\/wp-content\/uploads\/2024\/02\/eCell-Wellness-Shop.jpg\",\"contentUrl\":\"https:\/\/ecell.es\/wp-content\/uploads\/2024\/02\/eCell-Wellness-Shop.jpg\",\"width\":750,\"height\":740,\"caption\":\"eCell's wellness product collection on display, offering advanced solutions for youth, beauty, energy, and longevity for a healthier, happier life.\"},{\"@type\":\"WebSite\",\"@id\":\"https:\/\/ecell.es\/es\/#website\",\"url\":\"https:\/\/ecell.es\/es\/\",\"name\":\"eCell\",\"description\":\"Anti-Aging Technologies\",\"publisher\":{\"@id\":\"https:\/\/ecell.es\/es\/#organization\"},\"alternateName\":\"eCell\",\"potentialAction\":[{\"@type\":\"SearchAction\",\"target\":{\"@type\":\"EntryPoint\",\"urlTemplate\":\"https:\/\/ecell.es\/es\/?s={search_term_string}\"},\"query-input\":{\"@type\":\"PropertyValueSpecification\",\"valueRequired\":true,\"valueName\":\"search_term_string\"}}],\"inLanguage\":\"es\"},{\"@type\":\"Organization\",\"@id\":\"https:\/\/ecell.es\/es\/#organization\",\"name\":\"eCell\",\"alternateName\":\"eCell\",\"url\":\"https:\/\/ecell.es\/es\/\",\"logo\":{\"@type\":\"ImageObject\",\"inLanguage\":\"es\",\"@id\":\"https:\/\/ecell.es\/es\/#\/schema\/logo\/image\/\",\"url\":\"https:\/\/ecell.es\/wp-content\/uploads\/2023\/05\/cropped-cropped-Favicon-eCell.png\",\"contentUrl\":\"https:\/\/ecell.es\/wp-content\/uploads\/2023\/05\/cropped-cropped-Favicon-eCell.png\",\"width\":512,\"height\":512,\"caption\":\"eCell\"},\"image\":{\"@id\":\"https:\/\/ecell.es\/es\/#\/schema\/logo\/image\/\"},\"sameAs\":[\"https:\/\/www.facebook.com\/eCell-Anti-Aging-Technologies-101623309114646\",\"https:\/\/www.instagram.com\/ecell.life\/\"]}]}<\/script>\n<!-- \/ Yoast SEO plugin. -->","yoast_head_json":{"title":"Tienda Online de Bienestar | eCell","description":"Explora nuestra colecci\u00f3n de productos de bienestar: Agua Estructurada, PEMF y m\u00e1s. Mejora tu salud y belleza, y aumenta tu energ\u00eda vital.","robots":{"index":"index","follow":"follow","max-snippet":"max-snippet:-1","max-image-preview":"max-image-preview:large","max-video-preview":"max-video-preview:-1"},"canonical":"https:\/\/ecell.es\/es\/shop\/","og_locale":"es_ES","og_type":"article","og_title":"Tienda Online de Bienestar | eCell","og_description":"Explora nuestra colecci\u00f3n de productos de bienestar: Agua Estructurada, PEMF y m\u00e1s. Mejora tu salud y belleza, y aumenta tu energ\u00eda vital.","og_url":"https:\/\/ecell.es\/es\/shop\/","og_site_name":"eCell","article_publisher":"https:\/\/www.facebook.com\/eCell-Anti-Aging-Technologies-101623309114646","article_modified_time":"2025-06-09T16:35:32+00:00","og_image":[{"width":750,"height":740,"url":"https:\/\/ecell.es\/wp-content\/uploads\/2024\/02\/eCell-Wellness-Shop.jpg","type":"image\/jpeg"}],"twitter_card":"summary_large_image","twitter_misc":{"Tiempo de lectura":"1 minuto"},"schema":{"@context":"https:\/\/schema.org","@graph":[{"@type":"WebPage","@id":"https:\/\/ecell.es\/es\/shop\/","url":"https:\/\/ecell.es\/es\/shop\/","name":"Tienda Online de Bienestar | eCell","isPartOf":{"@id":"https:\/\/ecell.es\/es\/#website"},"primaryImageOfPage":{"@id":"https:\/\/ecell.es\/es\/shop\/#primaryimage"},"image":{"@id":"https:\/\/ecell.es\/es\/shop\/#primaryimage"},"thumbnailUrl":"https:\/\/ecell.es\/wp-content\/uploads\/2024\/02\/eCell-Wellness-Shop.jpg","datePublished":"2023-05-10T04:54:59+00:00","dateModified":"2025-06-09T16:35:32+00:00","description":"Explora nuestra colecci\u00f3n de productos de bienestar: Agua Estructurada, PEMF y m\u00e1s. Mejora tu salud y belleza, y aumenta tu energ\u00eda vital.","inLanguage":"es","potentialAction":[{"@type":"ReadAction","target":["https:\/\/ecell.es\/es\/shop\/"]}]},{"@type":"ImageObject","inLanguage":"es","@id":"https:\/\/ecell.es\/es\/shop\/#primaryimage","url":"https:\/\/ecell.es\/wp-content\/uploads\/2024\/02\/eCell-Wellness-Shop.jpg","contentUrl":"https:\/\/ecell.es\/wp-content\/uploads\/2024\/02\/eCell-Wellness-Shop.jpg","width":750,"height":740,"caption":"eCell's wellness product collection on display, offering advanced solutions for youth, beauty, energy, and longevity for a healthier, happier life."},{"@type":"WebSite","@id":"https:\/\/ecell.es\/es\/#website","url":"https:\/\/ecell.es\/es\/","name":"eCell","description":"Anti-Aging Technologies","publisher":{"@id":"https:\/\/ecell.es\/es\/#organization"},"alternateName":"eCell","potentialAction":[{"@type":"SearchAction","target":{"@type":"EntryPoint","urlTemplate":"https:\/\/ecell.es\/es\/?s={search_term_string}"},"query-input":{"@type":"PropertyValueSpecification","valueRequired":true,"valueName":"search_term_string"}}],"inLanguage":"es"},{"@type":"Organization","@id":"https:\/\/ecell.es\/es\/#organization","name":"eCell","alternateName":"eCell","url":"https:\/\/ecell.es\/es\/","logo":{"@type":"ImageObject","inLanguage":"es","@id":"https:\/\/ecell.es\/es\/#\/schema\/logo\/image\/","url":"https:\/\/ecell.es\/wp-content\/uploads\/2023\/05\/cropped-cropped-Favicon-eCell.png","contentUrl":"https:\/\/ecell.es\/wp-content\/uploads\/2023\/05\/cropped-cropped-Favicon-eCell.png","width":512,"height":512,"caption":"eCell"},"image":{"@id":"https:\/\/ecell.es\/es\/#\/schema\/logo\/image\/"},"sameAs":["https:\/\/www.facebook.com\/eCell-Anti-Aging-Technologies-101623309114646","https:\/\/www.instagram.com\/ecell.life\/"]}]}},"_links":{"self":[{"href":"https:\/\/ecell.es\/es\/wp-json\/wp\/v2\/pages\/1495","targetHints":{"allow":["GET"]}}],"collection":[{"href":"https:\/\/ecell.es\/es\/wp-json\/wp\/v2\/pages"}],"about":[{"href":"https:\/\/ecell.es\/es\/wp-json\/wp\/v2\/types\/page"}],"author":[{"embeddable":true,"href":"https:\/\/ecell.es\/es\/wp-json\/wp\/v2\/users\/1"}],"replies":[{"embeddable":true,"href":"https:\/\/ecell.es\/es\/wp-json\/wp\/v2\/comments?post=1495"}],"version-history":[{"count":34,"href":"https:\/\/ecell.es\/es\/wp-json\/wp\/v2\/pages\/1495\/revisions"}],"predecessor-version":[{"id":5745,"href":"https:\/\/ecell.es\/es\/wp-json\/wp\/v2\/pages\/1495\/revisions\/5745"}],"wp:featuredmedia":[{"embeddable":true,"href":"https:\/\/ecell.es\/es\/wp-json\/wp\/v2\/media\/3646"}],"wp:attachment":[{"href":"https:\/\/ecell.es\/es\/wp-json\/wp\/v2\/media?parent=1495"}],"curies":[{"name":"wp","href":"https:\/\/api.w.org\/{rel}","templated":true}]}}