{"id":1513,"date":"2023-05-10T09:07:21","date_gmt":"2023-05-10T07:07:21","guid":{"rendered":"https:\/\/ecell.es\/about-us\/"},"modified":"2023-11-21T20:22:51","modified_gmt":"2023-11-21T19:22:51","slug":"acerca-de","status":"publish","type":"page","link":"https:\/\/ecell.es\/es\/acerca-de\/","title":{"rendered":"Acerca de"},"content":{"rendered":"<p>[et_pb_section fb_built=\u00bb1&#8243; custom_padding_last_edited=\u00bbon|phone\u00bb _builder_version=\u00bb4.21.0&#8243; _module_preset=\u00bbdefault\u00bb background_color=\u00bbrgba(0,0,0,0.5)\u00bb background_image=\u00bbhttps:\/\/ecell.es\/wp-content\/uploads\/2023\/06\/About-us.jpg\u00bb background_blend=\u00bbmultiply\u00bb min_height=\u00bb540px\u00bb custom_padding=\u00bb150px||150px||true|false\u00bb custom_padding_tablet=\u00bb40px||40px||true|false\u00bb custom_padding_phone=\u00bb40px||40px||true|false\u00bb background_last_edited=\u00bbon|tablet\u00bb background_position_tablet=\u00bbcenter_left\u00bb background_horizontal_offset_phone=\u00bb10%\u00bb locked=\u00bboff\u00bb global_colors_info=\u00bb{}\u00bb][et_pb_row column_structure=\u00bb1_4,3_4&#8243; use_custom_gutter=\u00bbon\u00bb gutter_width=\u00bb2&#8243; _builder_version=\u00bb4.21.0&#8243; _module_preset=\u00bbdefault\u00bb width_phone=\u00bb80%\u00bb width_last_edited=\u00bboff|desktop\u00bb module_alignment=\u00bbcenter\u00bb module_alignment_tablet=\u00bb\u00bb module_alignment_phone=\u00bbcenter\u00bb module_alignment_last_edited=\u00bbon|phone\u00bb global_colors_info=\u00bb{}\u00bb][et_pb_column type=\u00bb1_4&#8243; disabled_on=\u00bbon|on|off\u00bb _builder_version=\u00bb4.21.0&#8243; _module_preset=\u00bbdefault\u00bb global_colors_info=\u00bb{}\u00bb][\/et_pb_column][et_pb_column type=\u00bb3_4&#8243; _builder_version=\u00bb4.21.0&#8243; _module_preset=\u00bbdefault\u00bb global_colors_info=\u00bb{}\u00bb][et_pb_text _builder_version=\u00bb4.22.1&#8243; _module_preset=\u00bbdefault\u00bb header_font=\u00bb|600||on|||||\u00bb header_text_color=\u00bb#DBB564&#8243; header_font_size=\u00bb42px\u00bb header_line_height=\u00bb1.2em\u00bb custom_margin=\u00bb||0px||false|false\u00bb header_font_size_tablet=\u00bb36px\u00bb header_font_size_phone=\u00bb32px\u00bb header_font_size_last_edited=\u00bbon|desktop\u00bb header_text_shadow_style=\u00bbpreset3&#8243; global_colors_info=\u00bb{}\u00bb]<\/p>\n<h1>SOBRE ECELL ANTI-AGING<br \/>TECHNOLOGIES<\/h1>\n<p>[\/et_pb_text][et_pb_text _builder_version=\u00bb4.22.1&#8243; _module_preset=\u00bbdefault\u00bb background_layout=\u00bbdark\u00bb global_colors_info=\u00bb{}\u00bb]<\/p>\n<p>eCell: uniendo tecnolog\u00eda inteligente y bienestar, mejorando la salud de las personas.<\/p>\n<p>[\/et_pb_text][et_pb_button button_url=\u00bbhttps:\/\/ecell.es\/es\/contacto\/\u00bb button_text=\u00bbContacto\u00bb _builder_version=\u00bb4.22.0&#8243; _module_preset=\u00bbdefault\u00bb global_colors_info=\u00bb{}\u00bb][\/et_pb_button][\/et_pb_column][\/et_pb_row][\/et_pb_section][et_pb_section fb_built=\u00bb1&#8243; _builder_version=\u00bb4.21.0&#8243; _module_preset=\u00bbdefault\u00bb background_color=\u00bb#f9f9f9&#8243; global_colors_info=\u00bb{}\u00bb][et_pb_row column_structure=\u00bb1_4,3_4&#8243; use_custom_gutter=\u00bbon\u00bb gutter_width=\u00bb2&#8243; _builder_version=\u00bb4.21.0&#8243; _module_preset=\u00bbdefault\u00bb global_colors_info=\u00bb{}\u00bb][et_pb_column type=\u00bb1_4&#8243; _builder_version=\u00bb4.21.0&#8243; _module_preset=\u00bbdefault\u00bb global_colors_info=\u00bb{}\u00bb][et_pb_image src=\u00bbhttps:\/\/ecell.es\/wp-content\/uploads\/2023\/05\/about-ecell-anti-aging-technologies-2.jpg\u00bb alt=\u00bbabout-ecell-anti-aging-technologies-2&#8243; title_text=\u00bbabout-ecell-anti-aging-technologies-2&#8243; _builder_version=\u00bb4.21.0&#8243; _module_preset=\u00bbdefault\u00bb border_radii=\u00bbon|5px|5px|5px|5px\u00bb global_colors_info=\u00bb{}\u00bb][\/et_pb_image][\/et_pb_column][et_pb_column type=\u00bb3_4&#8243; _builder_version=\u00bb4.21.0&#8243; _module_preset=\u00bbdefault\u00bb global_colors_info=\u00bb{}\u00bb][et_pb_text _builder_version=\u00bb4.22.1&#8243; _module_preset=\u00bbdefault\u00bb global_colors_info=\u00bb{}\u00bb]<\/p>\n<p>eCell Anti-Aging Technologies es una empresa de bienestar innovadora ubicada en Barcelona, Espa\u00f1a.<\/p>\n<p>Nuestra misi\u00f3n es influir significativamente en el bienestar de las personas y el planeta. Para ello, hemos reunido las \u00faltimas tecnolog\u00edas y conocimientos que mejoran la salud y preservan el ecosistema: AGUA ESTRUCTURADA, FRECUENCIAS DE CAMPO ELECTROMAGN\u00c9TICO PULSADO, ESTIMULACI\u00d3N MAGN\u00c9TICA TRANSPL\u00c9VICA REPETITIVA.<\/p>\n<p>Con el respaldo s\u00f3lido de cient\u00edficos destacados en estas \u00e1reas, estamos convencidos de que, juntos, podemos transformar nuestro mundo en un lugar mejor, facilitando acceso a una salud \u00f3ptima, longevidad y vitalidad para muchos.<\/p>\n<p>Le invitamos a unirse a nosotros en este camino.<\/p>\n<p>[\/et_pb_text][\/et_pb_column][\/et_pb_row][et_pb_row _builder_version=\u00bb4.21.0&#8243; _module_preset=\u00bbdefault\u00bb global_colors_info=\u00bb{}\u00bb][et_pb_column type=\u00bb4_4&#8243; _builder_version=\u00bb4.21.0&#8243; _module_preset=\u00bbdefault\u00bb global_colors_info=\u00bb{}\u00bb][et_pb_text _builder_version=\u00bb4.22.1&#8243; _module_preset=\u00bbdefault\u00bb global_colors_info=\u00bb{}\u00bb]<\/p>\n<p>A eCell le encanta formar equipo con profesionales del campo de la salud, el bienestar y la sostenibilidad:<\/p>\n<p>[\/et_pb_text][\/et_pb_column][\/et_pb_row][et_pb_row column_structure=\u00bb1_3,1_3,1_3&#8243; use_custom_gutter=\u00bbon\u00bb gutter_width=\u00bb2&#8243; make_equal=\u00bbon\u00bb _builder_version=\u00bb4.21.0&#8243; _module_preset=\u00bbdefault\u00bb global_colors_info=\u00bb{}\u00bb][et_pb_column type=\u00bb1_3&#8243; _builder_version=\u00bb4.21.0&#8243; _module_preset=\u00bbdefault\u00bb background_color=\u00bb#FFFFFF\u00bb custom_padding=\u00bb50px|50px|50px|50px|true|true\u00bb border_radii=\u00bbon|5px|5px|5px|5px\u00bb border_color_all=\u00bb#FFFFFF\u00bb global_colors_info=\u00bb{}\u00bb][et_pb_image src=\u00bbhttps:\/\/ecell.es\/wp-content\/uploads\/2023\/05\/about-us-1.png\u00bb title_text=\u00bbabout-us-1&#8243; align=\u00bbcenter\u00bb _builder_version=\u00bb4.21.0&#8243; _module_preset=\u00bbdefault\u00bb global_colors_info=\u00bb{}\u00bb][\/et_pb_image][et_pb_text _builder_version=\u00bb4.22.1&#8243; _module_preset=\u00bbdefault\u00bb text_orientation=\u00bbcenter\u00bb global_colors_info=\u00bb{}\u00bb]<\/p>\n<p>Especialistas de la hoteler\u00eda y bienestar, spas y hoteles.<\/p>\n<p>[\/et_pb_text][\/et_pb_column][et_pb_column type=\u00bb1_3&#8243; _builder_version=\u00bb4.21.0&#8243; _module_preset=\u00bbdefault\u00bb background_color=\u00bb#FFFFFF\u00bb custom_padding=\u00bb50px|50px|50px|50px|true|true\u00bb border_radii=\u00bbon|5px|5px|5px|5px\u00bb border_color_all=\u00bb#FFFFFF\u00bb global_colors_info=\u00bb{}\u00bb][et_pb_image src=\u00bbhttps:\/\/ecell.es\/wp-content\/uploads\/2023\/05\/about-us-2.png\u00bb title_text=\u00bbabout-us-2&#8243; align=\u00bbcenter\u00bb _builder_version=\u00bb4.21.0&#8243; _module_preset=\u00bbdefault\u00bb global_colors_info=\u00bb{}\u00bb][\/et_pb_image][et_pb_text _builder_version=\u00bb4.22.1&#8243; _module_preset=\u00bbdefault\u00bb text_orientation=\u00bbcenter\u00bb global_colors_info=\u00bb{}\u00bb]<\/p>\n<p>Centros de salud y m\u00e9dicos.<\/p>\n<p>[\/et_pb_text][\/et_pb_column][et_pb_column type=\u00bb1_3&#8243; _builder_version=\u00bb4.21.0&#8243; _module_preset=\u00bbdefault\u00bb background_color=\u00bb#FFFFFF\u00bb custom_padding=\u00bb50px|50px|50px|50px|true|true\u00bb border_radii=\u00bbon|5px|5px|5px|5px\u00bb border_color_all=\u00bb#FFFFFF\u00bb global_colors_info=\u00bb{}\u00bb][et_pb_image src=\u00bbhttps:\/\/ecell.es\/wp-content\/uploads\/2023\/05\/about-us-3.png\u00bb title_text=\u00bbabout-us-3&#8243; align=\u00bbcenter\u00bb _builder_version=\u00bb4.21.0&#8243; _module_preset=\u00bbdefault\u00bb global_colors_info=\u00bb{}\u00bb][\/et_pb_image][et_pb_text _builder_version=\u00bb4.22.1&#8243; _module_preset=\u00bbdefault\u00bb text_orientation=\u00bbcenter\u00bb global_colors_info=\u00bb{}\u00bb]<\/p>\n<p>Nutricionistas, entrenadores, fisioterapeutas y quiropr\u00e1cticos.<\/p>\n<p>[\/et_pb_text][\/et_pb_column][\/et_pb_row][et_pb_row column_structure=\u00bb1_3,1_3,1_3&#8243; use_custom_gutter=\u00bbon\u00bb gutter_width=\u00bb2&#8243; make_equal=\u00bbon\u00bb _builder_version=\u00bb4.21.0&#8243; _module_preset=\u00bbdefault\u00bb custom_padding=\u00bb0px|||||\u00bb global_colors_info=\u00bb{}\u00bb][et_pb_column type=\u00bb1_3&#8243; _builder_version=\u00bb4.21.0&#8243; _module_preset=\u00bbdefault\u00bb background_color=\u00bb#FFFFFF\u00bb custom_padding=\u00bb50px|50px|50px|50px|true|true\u00bb border_radii=\u00bbon|5px|5px|5px|5px\u00bb border_color_all=\u00bb#FFFFFF\u00bb global_colors_info=\u00bb{}\u00bb][et_pb_image src=\u00bbhttps:\/\/ecell.es\/wp-content\/uploads\/2023\/05\/about-us-4.png\u00bb title_text=\u00bbabout-us-4&#8243; align=\u00bbcenter\u00bb _builder_version=\u00bb4.21.0&#8243; _module_preset=\u00bbdefault\u00bb global_colors_info=\u00bb{}\u00bb][\/et_pb_image][et_pb_text _builder_version=\u00bb4.22.1&#8243; _module_preset=\u00bbdefault\u00bb text_orientation=\u00bbcenter\u00bb global_colors_info=\u00bb{}\u00bb]<\/p>\n<p>Promotores de viviendas sostenibles y arquitectos<\/p>\n<p>[\/et_pb_text][\/et_pb_column][et_pb_column type=\u00bb1_3&#8243; _builder_version=\u00bb4.21.0&#8243; _module_preset=\u00bbdefault\u00bb background_color=\u00bb#FFFFFF\u00bb custom_padding=\u00bb50px|50px|50px|50px|true|true\u00bb border_radii=\u00bbon|5px|5px|5px|5px\u00bb border_color_all=\u00bb#FFFFFF\u00bb global_colors_info=\u00bb{}\u00bb][et_pb_image src=\u00bbhttps:\/\/ecell.es\/wp-content\/uploads\/2023\/05\/about-us-5.png\u00bb title_text=\u00bbabout-us-5&#8243; align=\u00bbcenter\u00bb _builder_version=\u00bb4.21.0&#8243; _module_preset=\u00bbdefault\u00bb global_colors_info=\u00bb{}\u00bb][\/et_pb_image][et_pb_text _builder_version=\u00bb4.22.1&#8243; _module_preset=\u00bbdefault\u00bb text_orientation=\u00bbcenter\u00bb global_colors_info=\u00bb{}\u00bb]<\/p>\n<p>Agricultores y especialistas del sector agr\u00edcola.<\/p>\n<p>[\/et_pb_text][\/et_pb_column][et_pb_column type=\u00bb1_3&#8243; _builder_version=\u00bb4.21.0&#8243; _module_preset=\u00bbdefault\u00bb background_color=\u00bb#FFFFFF\u00bb custom_padding=\u00bb50px|50px|50px|50px|true|true\u00bb border_radii=\u00bbon|5px|5px|5px|5px\u00bb border_color_all=\u00bb#FFFFFF\u00bb global_colors_info=\u00bb{}\u00bb][et_pb_image src=\u00bbhttps:\/\/ecell.es\/wp-content\/uploads\/2023\/05\/LOGO_eCell.png\u00bb title_text=\u00bbLOGO_eCell\u00bb align=\u00bbcenter\u00bb _builder_version=\u00bb4.21.0&#8243; _module_preset=\u00bbdefault\u00bb max_width=\u00bb185px\u00bb global_colors_info=\u00bb{}\u00bb][\/et_pb_image][\/et_pb_column][\/et_pb_row][\/et_pb_section][et_pb_section fb_built=\u00bb1&#8243; disabled_on=\u00bboff|off|off\u00bb _builder_version=\u00bb4.21.0&#8243; _module_preset=\u00bbdefault\u00bb background_color=\u00bb#DBB564&#8243; background_enable_color=\u00bboff\u00bb background_image=\u00bbhttps:\/\/ecell.es\/wp-content\/uploads\/2023\/05\/FOTO-HOME-SOMNIS-1-1-removebg-preview.png\u00bb background_size=\u00bbcustom\u00bb background_image_width=\u00bb225px\u00bb background_position=\u00bbcenter_left\u00bb custom_padding=\u00bb0px||0px||true|false\u00bb background_last_edited=\u00bbon|phone\u00bb background_enable_image_phone=\u00bboff\u00bb border_width_top=\u00bb1px\u00bb border_color_top=\u00bb#DBB564&#8243; border_width_bottom=\u00bb1px\u00bb border_color_bottom=\u00bb#DBB564&#8243; saved_tabs=\u00bball\u00bb locked=\u00bboff\u00bb global_colors_info=\u00bb{}\u00bb][et_pb_row column_structure=\u00bb3_4,1_4&#8243; use_custom_gutter=\u00bbon\u00bb gutter_width=\u00bb2&#8243; disabled_on=\u00bboff|off|off\u00bb _builder_version=\u00bb4.21.0&#8243; _module_preset=\u00bbdefault\u00bb background_enable_color=\u00bboff\u00bb max_width=\u00bb800px\u00bb custom_margin=\u00bb20px||20px||true|false\u00bb custom_padding=\u00bb|20px||20px|false|true\u00bb border_radii=\u00bbon|5px|5px|5px|5px\u00bb border_color_all=\u00bb#efefef\u00bb global_colors_info=\u00bb{}\u00bb][et_pb_column type=\u00bb3_4&#8243; _builder_version=\u00bb4.21.0&#8243; _module_preset=\u00bbdefault\u00bb global_colors_info=\u00bb{}\u00bb][et_pb_text _builder_version=\u00bb4.22.1&#8243; _module_preset=\u00bbdefault\u00bb text_font=\u00bb|600|||||||\u00bb text_font_size=\u00bb20px\u00bb custom_margin=\u00bb10px||||false|false\u00bb text_orientation_tablet=\u00bbcenter\u00bb text_orientation_phone=\u00bbcenter\u00bb text_orientation_last_edited=\u00bbon|phone\u00bb global_colors_info=\u00bb{}\u00bb]<\/p>\n<p>\u00a1Estamos aqu\u00ed para ayudarte! Cont\u00e1ctanos para m\u00e1s informaci\u00f3n y soporte personalizado.<\/p>\n<p>[\/et_pb_text][\/et_pb_column][et_pb_column type=\u00bb1_4&#8243; _builder_version=\u00bb4.21.0&#8243; _module_preset=\u00bbdefault\u00bb global_colors_info=\u00bb{}\u00bb][et_pb_button button_url=\u00bbhttps:\/\/ecell.es\/es\/contacto\/\u00bb button_text=\u00bbContacto\u00bb button_alignment=\u00bbcenter\u00bb button_alignment_tablet=\u00bbcenter\u00bb button_alignment_last_edited=\u00bboff|desktop\u00bb _builder_version=\u00bb4.21.0&#8243; _module_preset=\u00bbdefault\u00bb button_icon=\u00bb&#x35;||divi||400&#8243; global_colors_info=\u00bb{}\u00bb][\/et_pb_button][\/et_pb_column][\/et_pb_row][\/et_pb_section]<\/p>\n<span class=\"et_bloom_bottom_trigger\"><\/span>","protected":false},"excerpt":{"rendered":"<p>SOBRE ECELL ANTI-AGINGTECHNOLOGIESeCell: uniendo tecnolog\u00eda inteligente y bienestar, mejorando la salud de las personas.eCell Anti-Aging Technologies es una empresa de bienestar innovadora ubicada en Barcelona, Espa\u00f1a. Nuestra misi\u00f3n es influir significativamente en el bienestar de las personas y el planeta. Para ello, hemos reunido las \u00faltimas tecnolog\u00edas y conocimientos que mejoran la salud y preservan [&hellip;]<\/p>\n","protected":false},"author":1,"featured_media":3619,"parent":0,"menu_order":6,"comment_status":"closed","ping_status":"closed","template":"","meta":{"_et_pb_use_builder":"on","_et_pb_old_content":"<!-- wp:divi\/placeholder \/-->","_et_gb_content_width":"","footnotes":""},"class_list":["post-1513","page","type-page","status-publish","has-post-thumbnail","hentry"],"yoast_head":"<!-- This site is optimized with the Yoast SEO plugin v27.2 - https:\/\/yoast.com\/product\/yoast-seo-wordpress\/ -->\n<title>Acerca de | eCell Technologies<\/title>\n<meta name=\"description\" content=\"eCell Anti-Aging Technologies: nuestra misi\u00f3n es influir significativamente en el bienestar de las personas y el planeta.\" \/>\n<meta name=\"robots\" content=\"index, follow, max-snippet:-1, max-image-preview:large, max-video-preview:-1\" \/>\n<link rel=\"canonical\" href=\"https:\/\/ecell.es\/es\/acerca-de\/\" \/>\n<meta property=\"og:locale\" content=\"es_ES\" \/>\n<meta property=\"og:type\" content=\"article\" \/>\n<meta property=\"og:title\" content=\"Acerca de | eCell Technologies\" \/>\n<meta property=\"og:description\" content=\"eCell Anti-Aging Technologies: nuestra misi\u00f3n es influir significativamente en el bienestar de las personas y el planeta.\" \/>\n<meta property=\"og:url\" content=\"https:\/\/ecell.es\/es\/acerca-de\/\" \/>\n<meta property=\"og:site_name\" content=\"eCell\" \/>\n<meta property=\"article:publisher\" content=\"https:\/\/www.facebook.com\/eCell-Anti-Aging-Technologies-101623309114646\" \/>\n<meta property=\"article:modified_time\" content=\"2023-11-21T19:22:51+00:00\" \/>\n<meta property=\"og:image\" content=\"https:\/\/ecell.es\/wp-content\/uploads\/2023\/11\/Structured-Irrigation-Water-5.jpg\" \/>\n\t<meta property=\"og:image:width\" content=\"810\" \/>\n\t<meta property=\"og:image:height\" content=\"810\" \/>\n\t<meta property=\"og:image:type\" content=\"image\/jpeg\" \/>\n<meta name=\"twitter:card\" content=\"summary_large_image\" \/>\n<meta name=\"twitter:label1\" content=\"Tiempo de lectura\" \/>\n\t<meta name=\"twitter:data1\" content=\"3 minutos\" \/>\n<script type=\"application\/ld+json\" class=\"yoast-schema-graph\">{\"@context\":\"https:\/\/schema.org\",\"@graph\":[{\"@type\":\"WebPage\",\"@id\":\"https:\/\/ecell.es\/es\/acerca-de\/\",\"url\":\"https:\/\/ecell.es\/es\/acerca-de\/\",\"name\":\"Acerca de | eCell Technologies\",\"isPartOf\":{\"@id\":\"https:\/\/ecell.es\/es\/#website\"},\"primaryImageOfPage\":{\"@id\":\"https:\/\/ecell.es\/es\/acerca-de\/#primaryimage\"},\"image\":{\"@id\":\"https:\/\/ecell.es\/es\/acerca-de\/#primaryimage\"},\"thumbnailUrl\":\"https:\/\/ecell.es\/wp-content\/uploads\/2024\/02\/eCell-Anti-Aging-Technologies.jpg\",\"datePublished\":\"2023-05-10T07:07:21+00:00\",\"dateModified\":\"2023-11-21T19:22:51+00:00\",\"description\":\"eCell Anti-Aging Technologies: nuestra misi\u00f3n es influir significativamente en el bienestar de las personas y el planeta.\",\"inLanguage\":\"es\",\"potentialAction\":[{\"@type\":\"ReadAction\",\"target\":[\"https:\/\/ecell.es\/es\/acerca-de\/\"]}]},{\"@type\":\"ImageObject\",\"inLanguage\":\"es\",\"@id\":\"https:\/\/ecell.es\/es\/acerca-de\/#primaryimage\",\"url\":\"https:\/\/ecell.es\/wp-content\/uploads\/2024\/02\/eCell-Anti-Aging-Technologies.jpg\",\"contentUrl\":\"https:\/\/ecell.es\/wp-content\/uploads\/2024\/02\/eCell-Anti-Aging-Technologies.jpg\",\"width\":750,\"height\":740,\"caption\":\"eCell Anti-Aging Technologies Barcelona: Innovating in structured water, PEMF, and rTPM for health, longevity, and eco-preservation, backed by top scientists.\"},{\"@type\":\"WebSite\",\"@id\":\"https:\/\/ecell.es\/es\/#website\",\"url\":\"https:\/\/ecell.es\/es\/\",\"name\":\"eCell\",\"description\":\"Anti-Aging Technologies\",\"publisher\":{\"@id\":\"https:\/\/ecell.es\/es\/#organization\"},\"alternateName\":\"eCell\",\"potentialAction\":[{\"@type\":\"SearchAction\",\"target\":{\"@type\":\"EntryPoint\",\"urlTemplate\":\"https:\/\/ecell.es\/es\/?s={search_term_string}\"},\"query-input\":{\"@type\":\"PropertyValueSpecification\",\"valueRequired\":true,\"valueName\":\"search_term_string\"}}],\"inLanguage\":\"es\"},{\"@type\":\"Organization\",\"@id\":\"https:\/\/ecell.es\/es\/#organization\",\"name\":\"eCell\",\"alternateName\":\"eCell\",\"url\":\"https:\/\/ecell.es\/es\/\",\"logo\":{\"@type\":\"ImageObject\",\"inLanguage\":\"es\",\"@id\":\"https:\/\/ecell.es\/es\/#\/schema\/logo\/image\/\",\"url\":\"https:\/\/ecell.es\/wp-content\/uploads\/2023\/05\/cropped-cropped-Favicon-eCell.png\",\"contentUrl\":\"https:\/\/ecell.es\/wp-content\/uploads\/2023\/05\/cropped-cropped-Favicon-eCell.png\",\"width\":512,\"height\":512,\"caption\":\"eCell\"},\"image\":{\"@id\":\"https:\/\/ecell.es\/es\/#\/schema\/logo\/image\/\"},\"sameAs\":[\"https:\/\/www.facebook.com\/eCell-Anti-Aging-Technologies-101623309114646\",\"https:\/\/www.instagram.com\/ecell.life\/\"]}]}<\/script>\n<!-- \/ Yoast SEO plugin. -->","yoast_head_json":{"title":"Acerca de | eCell Technologies","description":"eCell Anti-Aging Technologies: nuestra misi\u00f3n es influir significativamente en el bienestar de las personas y el planeta.","robots":{"index":"index","follow":"follow","max-snippet":"max-snippet:-1","max-image-preview":"max-image-preview:large","max-video-preview":"max-video-preview:-1"},"canonical":"https:\/\/ecell.es\/es\/acerca-de\/","og_locale":"es_ES","og_type":"article","og_title":"Acerca de | eCell Technologies","og_description":"eCell Anti-Aging Technologies: nuestra misi\u00f3n es influir significativamente en el bienestar de las personas y el planeta.","og_url":"https:\/\/ecell.es\/es\/acerca-de\/","og_site_name":"eCell","article_publisher":"https:\/\/www.facebook.com\/eCell-Anti-Aging-Technologies-101623309114646","article_modified_time":"2023-11-21T19:22:51+00:00","og_image":[{"width":810,"height":810,"url":"https:\/\/ecell.es\/wp-content\/uploads\/2023\/11\/Structured-Irrigation-Water-5.jpg","type":"image\/jpeg"}],"twitter_card":"summary_large_image","twitter_misc":{"Tiempo de lectura":"3 minutos"},"schema":{"@context":"https:\/\/schema.org","@graph":[{"@type":"WebPage","@id":"https:\/\/ecell.es\/es\/acerca-de\/","url":"https:\/\/ecell.es\/es\/acerca-de\/","name":"Acerca de | eCell Technologies","isPartOf":{"@id":"https:\/\/ecell.es\/es\/#website"},"primaryImageOfPage":{"@id":"https:\/\/ecell.es\/es\/acerca-de\/#primaryimage"},"image":{"@id":"https:\/\/ecell.es\/es\/acerca-de\/#primaryimage"},"thumbnailUrl":"https:\/\/ecell.es\/wp-content\/uploads\/2024\/02\/eCell-Anti-Aging-Technologies.jpg","datePublished":"2023-05-10T07:07:21+00:00","dateModified":"2023-11-21T19:22:51+00:00","description":"eCell Anti-Aging Technologies: nuestra misi\u00f3n es influir significativamente en el bienestar de las personas y el planeta.","inLanguage":"es","potentialAction":[{"@type":"ReadAction","target":["https:\/\/ecell.es\/es\/acerca-de\/"]}]},{"@type":"ImageObject","inLanguage":"es","@id":"https:\/\/ecell.es\/es\/acerca-de\/#primaryimage","url":"https:\/\/ecell.es\/wp-content\/uploads\/2024\/02\/eCell-Anti-Aging-Technologies.jpg","contentUrl":"https:\/\/ecell.es\/wp-content\/uploads\/2024\/02\/eCell-Anti-Aging-Technologies.jpg","width":750,"height":740,"caption":"eCell Anti-Aging Technologies Barcelona: Innovating in structured water, PEMF, and rTPM for health, longevity, and eco-preservation, backed by top scientists."},{"@type":"WebSite","@id":"https:\/\/ecell.es\/es\/#website","url":"https:\/\/ecell.es\/es\/","name":"eCell","description":"Anti-Aging Technologies","publisher":{"@id":"https:\/\/ecell.es\/es\/#organization"},"alternateName":"eCell","potentialAction":[{"@type":"SearchAction","target":{"@type":"EntryPoint","urlTemplate":"https:\/\/ecell.es\/es\/?s={search_term_string}"},"query-input":{"@type":"PropertyValueSpecification","valueRequired":true,"valueName":"search_term_string"}}],"inLanguage":"es"},{"@type":"Organization","@id":"https:\/\/ecell.es\/es\/#organization","name":"eCell","alternateName":"eCell","url":"https:\/\/ecell.es\/es\/","logo":{"@type":"ImageObject","inLanguage":"es","@id":"https:\/\/ecell.es\/es\/#\/schema\/logo\/image\/","url":"https:\/\/ecell.es\/wp-content\/uploads\/2023\/05\/cropped-cropped-Favicon-eCell.png","contentUrl":"https:\/\/ecell.es\/wp-content\/uploads\/2023\/05\/cropped-cropped-Favicon-eCell.png","width":512,"height":512,"caption":"eCell"},"image":{"@id":"https:\/\/ecell.es\/es\/#\/schema\/logo\/image\/"},"sameAs":["https:\/\/www.facebook.com\/eCell-Anti-Aging-Technologies-101623309114646","https:\/\/www.instagram.com\/ecell.life\/"]}]}},"_links":{"self":[{"href":"https:\/\/ecell.es\/es\/wp-json\/wp\/v2\/pages\/1513","targetHints":{"allow":["GET"]}}],"collection":[{"href":"https:\/\/ecell.es\/es\/wp-json\/wp\/v2\/pages"}],"about":[{"href":"https:\/\/ecell.es\/es\/wp-json\/wp\/v2\/types\/page"}],"author":[{"embeddable":true,"href":"https:\/\/ecell.es\/es\/wp-json\/wp\/v2\/users\/1"}],"replies":[{"embeddable":true,"href":"https:\/\/ecell.es\/es\/wp-json\/wp\/v2\/comments?post=1513"}],"version-history":[{"count":13,"href":"https:\/\/ecell.es\/es\/wp-json\/wp\/v2\/pages\/1513\/revisions"}],"predecessor-version":[{"id":2674,"href":"https:\/\/ecell.es\/es\/wp-json\/wp\/v2\/pages\/1513\/revisions\/2674"}],"wp:featuredmedia":[{"embeddable":true,"href":"https:\/\/ecell.es\/es\/wp-json\/wp\/v2\/media\/3619"}],"wp:attachment":[{"href":"https:\/\/ecell.es\/es\/wp-json\/wp\/v2\/media?parent=1513"}],"curies":[{"name":"wp","href":"https:\/\/api.w.org\/{rel}","templated":true}]}}