{"id":1515,"date":"2023-05-10T09:14:04","date_gmt":"2023-05-10T07:14:04","guid":{"rendered":"https:\/\/ecell.es\/contact\/"},"modified":"2024-12-09T17:45:44","modified_gmt":"2024-12-09T16:45:44","slug":"contacto","status":"publish","type":"page","link":"https:\/\/ecell.es\/es\/contacto\/","title":{"rendered":"Contacto"},"content":{"rendered":"<p>[et_pb_section fb_built=\u00bb1&#8243; custom_padding_last_edited=\u00bbon|phone\u00bb _builder_version=\u00bb4.21.0&#8243; _module_preset=\u00bbdefault\u00bb background_color=\u00bbrgba(0,0,0,0.52)\u00bb background_image=\u00bbhttps:\/\/ecell.es\/wp-content\/uploads\/2023\/06\/Contact.jpg\u00bb background_position=\u00bbcenter_left\u00bb background_horizontal_offset=\u00bb16%\u00bb background_blend=\u00bbmultiply\u00bb min_height=\u00bb540px\u00bb custom_padding=\u00bb150px||150px||true|false\u00bb custom_padding_tablet=\u00bb40px||40px||true|false\u00bb custom_padding_phone=\u00bb40px||40px||true|false\u00bb global_colors_info=\u00bb{}\u00bb][et_pb_row column_structure=\u00bb1_4,3_4&#8243; use_custom_gutter=\u00bbon\u00bb gutter_width=\u00bb2&#8243; _builder_version=\u00bb4.21.0&#8243; _module_preset=\u00bbdefault\u00bb global_colors_info=\u00bb{}\u00bb][et_pb_column type=\u00bb1_4&#8243; _builder_version=\u00bb4.21.0&#8243; _module_preset=\u00bbdefault\u00bb global_colors_info=\u00bb{}\u00bb][\/et_pb_column][et_pb_column type=\u00bb3_4&#8243; _builder_version=\u00bb4.21.0&#8243; _module_preset=\u00bbdefault\u00bb global_colors_info=\u00bb{}\u00bb][et_pb_text _builder_version=\u00bb4.22.0&#8243; _module_preset=\u00bbdefault\u00bb header_font=\u00bb|600||on|||||\u00bb header_text_color=\u00bb#DBB564&#8243; header_font_size=\u00bb42px\u00bb header_line_height=\u00bb1.2em\u00bb custom_margin=\u00bb||0px||false|false\u00bb header_font_size_tablet=\u00bb36px\u00bb header_font_size_phone=\u00bb32px\u00bb header_font_size_last_edited=\u00bbon|desktop\u00bb header_text_shadow_style=\u00bbpreset3&#8243; global_colors_info=\u00bb{}\u00bb]<\/p>\n<h1>Cont\u00e1ctenos para obtener m\u00e1s informaci\u00f3n.<\/h1>\n<p>[\/et_pb_text][et_pb_text _builder_version=\u00bb4.22.0&#8243; _module_preset=\u00bbdefault\u00bb header_font=\u00bb|600||on|||||\u00bb header_text_color=\u00bb#DBB564&#8243; header_font_size=\u00bb42px\u00bb header_line_height=\u00bb1.2em\u00bb background_layout=\u00bbdark\u00bb custom_margin=\u00bb||||false|false\u00bb header_font_size_tablet=\u00bb36px\u00bb header_font_size_phone=\u00bb32px\u00bb header_font_size_last_edited=\u00bbon|desktop\u00bb header_text_shadow_style=\u00bbpreset3&#8243; global_colors_info=\u00bb{}\u00bb]<\/p>\n<p>Nuestro equipo dedicado estar\u00e1 encantado de ayudarte con cualquier consulta que puedas tener sobre nuestros productos.<\/p>\n<p>[\/et_pb_text][et_pb_button button_url=\u00bb#contact\u00bb button_text=\u00bbContact\u00bb disabled_on=\u00bboff|off|on\u00bb _builder_version=\u00bb4.21.0&#8243; _module_preset=\u00bbdefault\u00bb global_colors_info=\u00bb{}\u00bb][\/et_pb_button][\/et_pb_column][\/et_pb_row][\/et_pb_section][et_pb_section fb_built=\u00bb1&#8243; _builder_version=\u00bb4.21.0&#8243; _module_preset=\u00bbdefault\u00bb global_colors_info=\u00bb{}\u00bb][et_pb_row column_structure=\u00bb1_2,1_2&#8243; use_custom_gutter=\u00bbon\u00bb gutter_width=\u00bb2&#8243; _builder_version=\u00bb4.21.0&#8243; _module_preset=\u00bbdefault\u00bb global_colors_info=\u00bb{}\u00bb][et_pb_column type=\u00bb1_2&#8243; _builder_version=\u00bb4.21.0&#8243; _module_preset=\u00bbdefault\u00bb global_colors_info=\u00bb{}\u00bb][et_pb_text _builder_version=\u00bb4.25.1&#8243; _module_preset=\u00bbdefault\u00bb global_colors_info=\u00bb{}\u00bb]<\/p>\n<p>Nuestro equipo eCell Wellness Team est\u00e1 dedicado a brindar una atenci\u00f3n al cliente de alta calidad y nos esforzamos por responder todas las consultas dentro de un plazo de 24 horas. Ya sea que tenga preguntas sobre <strong>nuestros productos<\/strong>, necesite <strong>asistencia con un pedido<\/strong> o simplemente <strong>quiera compartir sus comentarios<\/strong> con nosotros, estamos aqu\u00ed para ayudarle.<\/p>\n<p>Para comunicarse con nosotros, complete el formulario a continuaci\u00f3n con su nombre, direcci\u00f3n de correo electr\u00f3nico y mensaje.<\/p>\n<p>Gracias por elegir eCell.\u00a0<\/p>\n<p><strong>eCell Wellness Team<\/strong><\/p>\n<p>[\/et_pb_text][\/et_pb_column][et_pb_column type=\u00bb1_2&#8243; module_id=\u00bbcontact\u00bb _builder_version=\u00bb4.21.0&#8243; _module_preset=\u00bbdefault\u00bb global_colors_info=\u00bb{}\u00bb][et_pb_contact_form email=\u00bbinfo@ecell.es, desarrollo@juroga.com\u00bb custom_message=\u00bbMessage sent from the web ecell_es ES:||et_pb_line_break_holder||||et_pb_line_break_holder||Name: %%Name%%||et_pb_line_break_holder||Email: %%Email%%||et_pb_line_break_holder||Subject: %%subject%%||et_pb_line_break_holder||Message: %%Message%%||et_pb_line_break_holder||GDPR: %%GDPR%%||et_pb_line_break_holder||||et_pb_line_break_holder||The client awaits a response.\u00bb use_redirect=\u00bbon\u00bb redirect_url=\u00bbhttps:\/\/ecell.es\/es\/contacto\/gracias-por-contactar\/\u00bb success_message=\u00bbEnviando mensaje &#8230;\u00bb _builder_version=\u00bb4.25.1&#8243; _module_preset=\u00bbdefault\u00bb _unique_id=\u00bb992d15ea-592a-458b-8ad4-62449df260b0&#8243; border_radii=\u00bbon|5px|5px|5px|5px\u00bb border_width_all=\u00bb1px\u00bb border_color_all=\u00bb#f7f7f7&#8243; global_colors_info=\u00bb{}\u00bb][et_pb_contact_field field_id=\u00bbName\u00bb field_title=\u00bbNombre\u00bb _builder_version=\u00bb4.22.0&#8243; global_colors_info=\u00bb{}\u00bb button_text_size__hover_enabled=\u00bboff\u00bb button_one_text_size__hover_enabled=\u00bboff\u00bb button_two_text_size__hover_enabled=\u00bboff\u00bb button_text_color__hover_enabled=\u00bboff\u00bb button_one_text_color__hover_enabled=\u00bboff\u00bb button_two_text_color__hover_enabled=\u00bboff\u00bb button_border_width__hover_enabled=\u00bboff\u00bb button_one_border_width__hover_enabled=\u00bboff\u00bb button_two_border_width__hover_enabled=\u00bboff\u00bb button_border_color__hover_enabled=\u00bboff\u00bb button_one_border_color__hover_enabled=\u00bboff\u00bb button_two_border_color__hover_enabled=\u00bboff\u00bb button_border_radius__hover_enabled=\u00bboff\u00bb button_one_border_radius__hover_enabled=\u00bboff\u00bb button_two_border_radius__hover_enabled=\u00bboff\u00bb button_letter_spacing__hover_enabled=\u00bboff\u00bb button_one_letter_spacing__hover_enabled=\u00bboff\u00bb button_two_letter_spacing__hover_enabled=\u00bboff\u00bb button_bg_color__hover_enabled=\u00bboff\u00bb button_one_bg_color__hover_enabled=\u00bboff\u00bb button_two_bg_color__hover_enabled=\u00bboff\u00bb][\/et_pb_contact_field][et_pb_contact_field field_id=\u00bbEmail\u00bb field_title=\u00bbEmail\u00bb field_type=\u00bbemail\u00bb _builder_version=\u00bb4.22.0&#8243; global_colors_info=\u00bb{}\u00bb button_text_size__hover_enabled=\u00bboff\u00bb button_one_text_size__hover_enabled=\u00bboff\u00bb button_two_text_size__hover_enabled=\u00bboff\u00bb button_text_color__hover_enabled=\u00bboff\u00bb button_one_text_color__hover_enabled=\u00bboff\u00bb button_two_text_color__hover_enabled=\u00bboff\u00bb button_border_width__hover_enabled=\u00bboff\u00bb button_one_border_width__hover_enabled=\u00bboff\u00bb button_two_border_width__hover_enabled=\u00bboff\u00bb button_border_color__hover_enabled=\u00bboff\u00bb button_one_border_color__hover_enabled=\u00bboff\u00bb button_two_border_color__hover_enabled=\u00bboff\u00bb button_border_radius__hover_enabled=\u00bboff\u00bb button_one_border_radius__hover_enabled=\u00bboff\u00bb button_two_border_radius__hover_enabled=\u00bboff\u00bb button_letter_spacing__hover_enabled=\u00bboff\u00bb button_one_letter_spacing__hover_enabled=\u00bboff\u00bb button_two_letter_spacing__hover_enabled=\u00bboff\u00bb button_bg_color__hover_enabled=\u00bboff\u00bb button_one_bg_color__hover_enabled=\u00bboff\u00bb button_two_bg_color__hover_enabled=\u00bboff\u00bb][\/et_pb_contact_field][et_pb_contact_field field_id=\u00bbsubject\u00bb field_title=\u00bbAsunto\u00bb required_mark=\u00bboff\u00bb fullwidth_field=\u00bbon\u00bb _builder_version=\u00bb4.22.0&#8243; _module_preset=\u00bbdefault\u00bb global_colors_info=\u00bb{}\u00bb][\/et_pb_contact_field][et_pb_contact_field field_id=\u00bbMessage\u00bb field_title=\u00bbMensaje\u00bb field_type=\u00bbtext\u00bb fullwidth_field=\u00bbon\u00bb _builder_version=\u00bb4.22.0&#8243; global_colors_info=\u00bb{}\u00bb button_text_size__hover_enabled=\u00bboff\u00bb button_one_text_size__hover_enabled=\u00bboff\u00bb button_two_text_size__hover_enabled=\u00bboff\u00bb button_text_color__hover_enabled=\u00bboff\u00bb button_one_text_color__hover_enabled=\u00bboff\u00bb button_two_text_color__hover_enabled=\u00bboff\u00bb button_border_width__hover_enabled=\u00bboff\u00bb button_one_border_width__hover_enabled=\u00bboff\u00bb button_two_border_width__hover_enabled=\u00bboff\u00bb button_border_color__hover_enabled=\u00bboff\u00bb button_one_border_color__hover_enabled=\u00bboff\u00bb button_two_border_color__hover_enabled=\u00bboff\u00bb button_border_radius__hover_enabled=\u00bboff\u00bb button_one_border_radius__hover_enabled=\u00bboff\u00bb button_two_border_radius__hover_enabled=\u00bboff\u00bb button_letter_spacing__hover_enabled=\u00bboff\u00bb button_one_letter_spacing__hover_enabled=\u00bboff\u00bb button_two_letter_spacing__hover_enabled=\u00bboff\u00bb button_bg_color__hover_enabled=\u00bboff\u00bb button_one_bg_color__hover_enabled=\u00bboff\u00bb button_two_bg_color__hover_enabled=\u00bboff\u00bb][\/et_pb_contact_field][et_pb_contact_field field_id=\u00bbField_6&#8243; field_title=\u00bbBolet\u00edn de eCell Wellness Club\u00bb field_type=\u00bbcheckbox\u00bb checkbox_options=\u00bb%91{%22value%22:%22Me gustar\u00eda recibir ofertas exclusivas y noticias de eCell%22,%22checked%22:1,%22dragID%22:-1}%93&#8243; fullwidth_field=\u00bbon\u00bb _builder_version=\u00bb4.25.1&#8243; _module_preset=\u00bbdefault\u00bb global_colors_info=\u00bb{}\u00bb][\/et_pb_contact_field][et_pb_contact_field field_id=\u00bbGDPR\u00bb field_title=\u00bbPol\u00edtica de Privacidad\u00bb field_type=\u00bbcheckbox\u00bb checkbox_options=\u00bb%91{%22value%22:%22He le\u00eddo y acepto la pol\u00edtica de privacidad %22,%22checked%22:0,%22dragID%22:-1,%22link_url%22:%22https:\/\/ecell.es\/privacy-policy\/%22}%93&#8243; fullwidth_field=\u00bbon\u00bb _builder_version=\u00bb4.22.0&#8243; _module_preset=\u00bbdefault\u00bb global_colors_info=\u00bb{}\u00bb][\/et_pb_contact_field][\/et_pb_contact_form][\/et_pb_column][\/et_pb_row][\/et_pb_section][et_pb_section fb_built=\u00bb1&#8243; disabled_on=\u00bbon|on|on\u00bb _builder_version=\u00bb4.21.0&#8243; _module_preset=\u00bbdefault\u00bb background_color=\u00bb#DBB564&#8243; background_enable_color=\u00bboff\u00bb background_image=\u00bbhttps:\/\/ecell.es\/wp-content\/uploads\/2023\/05\/FOTO-HOME-SOMNIS-1-1-removebg-preview.png\u00bb background_size=\u00bbcustom\u00bb background_image_width=\u00bb225px\u00bb background_position=\u00bbcenter_left\u00bb custom_padding=\u00bb0px||0px||true|false\u00bb background_last_edited=\u00bbon|phone\u00bb background_enable_image_phone=\u00bboff\u00bb border_width_top=\u00bb1px\u00bb border_color_top=\u00bb#DBB564&#8243; border_width_bottom=\u00bb1px\u00bb border_color_bottom=\u00bb#DBB564&#8243; saved_tabs=\u00bball\u00bb locked=\u00bboff\u00bb global_colors_info=\u00bb{}\u00bb disabled=\u00bbon\u00bb][et_pb_row column_structure=\u00bb3_4,1_4&#8243; use_custom_gutter=\u00bbon\u00bb gutter_width=\u00bb2&#8243; disabled_on=\u00bboff|off|off\u00bb _builder_version=\u00bb4.21.0&#8243; _module_preset=\u00bbdefault\u00bb background_enable_color=\u00bboff\u00bb max_width=\u00bb800px\u00bb custom_margin=\u00bb20px||20px||true|false\u00bb custom_padding=\u00bb|20px||20px|false|true\u00bb border_radii=\u00bbon|5px|5px|5px|5px\u00bb border_color_all=\u00bb#efefef\u00bb global_colors_info=\u00bb{}\u00bb][et_pb_column type=\u00bb3_4&#8243; _builder_version=\u00bb4.21.0&#8243; _module_preset=\u00bbdefault\u00bb global_colors_info=\u00bb{}\u00bb][et_pb_text _builder_version=\u00bb4.22.1&#8243; _module_preset=\u00bbdefault\u00bb text_font=\u00bb|600|||||||\u00bb text_font_size=\u00bb20px\u00bb custom_margin=\u00bb10px||||false|false\u00bb text_orientation_tablet=\u00bbcenter\u00bb text_orientation_phone=\u00bbcenter\u00bb text_orientation_last_edited=\u00bbon|phone\u00bb global_colors_info=\u00bb{}\u00bb]<\/p>\n<h4>\u00a1Estamos aqu\u00ed para ayudarte! Cont\u00e1ctanos para m\u00e1s informaci\u00f3n y soporte personalizado.<\/h4>\n<p>[\/et_pb_text][\/et_pb_column][et_pb_column type=\u00bb1_4&#8243; _builder_version=\u00bb4.21.0&#8243; _module_preset=\u00bbdefault\u00bb global_colors_info=\u00bb{}\u00bb][et_pb_button button_url=\u00bbhttps:\/\/ecell.es\/es\/contacto\/\u00bb button_text=\u00bbContacto\u00bb button_alignment=\u00bbcenter\u00bb button_alignment_tablet=\u00bbcenter\u00bb button_alignment_last_edited=\u00bboff|desktop\u00bb _builder_version=\u00bb4.21.0&#8243; _module_preset=\u00bbdefault\u00bb button_icon=\u00bb&#x35;||divi||400&#8243; global_colors_info=\u00bb{}\u00bb][\/et_pb_button][\/et_pb_column][\/et_pb_row][\/et_pb_section]<\/p>\n<span class=\"et_bloom_bottom_trigger\"><\/span>","protected":false},"excerpt":{"rendered":"<p>Cont\u00e1ctenos para obtener m\u00e1s informaci\u00f3n.Nuestro equipo dedicado estar\u00e1 encantado de ayudarte con cualquier consulta que puedas tener sobre nuestros productos.Nuestro equipo eCell Wellness Team est\u00e1 dedicado a brindar una atenci\u00f3n al cliente de alta calidad y nos esforzamos por responder todas las consultas dentro de un plazo de 24 horas. Ya sea que tenga preguntas [&hellip;]<\/p>\n","protected":false},"author":1,"featured_media":3657,"parent":0,"menu_order":8,"comment_status":"closed","ping_status":"closed","template":"","meta":{"_et_pb_use_builder":"on","_et_pb_old_content":"<!-- wp:divi\/placeholder \/-->","_et_gb_content_width":"","footnotes":""},"class_list":["post-1515","page","type-page","status-publish","has-post-thumbnail","hentry"],"yoast_head":"<!-- This site is optimized with the Yoast SEO plugin v27.2 - https:\/\/yoast.com\/product\/yoast-seo-wordpress\/ -->\n<title>Contacto | eCell<\/title>\n<meta name=\"description\" content=\"Nuestro equipo dedicado estar\u00e1 encantado de ayudarte con cualquier consulta que puedas tener sobre nuestros productos.\" \/>\n<meta name=\"robots\" content=\"index, follow, max-snippet:-1, max-image-preview:large, max-video-preview:-1\" \/>\n<link rel=\"canonical\" href=\"https:\/\/ecell.es\/es\/contacto\/\" \/>\n<meta property=\"og:locale\" content=\"es_ES\" \/>\n<meta property=\"og:type\" content=\"article\" \/>\n<meta property=\"og:title\" content=\"Contacto | eCell\" \/>\n<meta property=\"og:description\" content=\"Nuestro equipo dedicado estar\u00e1 encantado de ayudarte con cualquier consulta que puedas tener sobre nuestros productos.\" \/>\n<meta property=\"og:url\" content=\"https:\/\/ecell.es\/es\/contacto\/\" \/>\n<meta property=\"og:site_name\" content=\"eCell\" \/>\n<meta property=\"article:publisher\" content=\"https:\/\/www.facebook.com\/eCell-Anti-Aging-Technologies-101623309114646\" \/>\n<meta property=\"article:modified_time\" content=\"2024-12-09T16:45:44+00:00\" \/>\n<meta property=\"og:image\" content=\"https:\/\/ecell.es\/wp-content\/uploads\/2024\/02\/eCell-Trust-Care-Team-2.jpg\" \/>\n\t<meta property=\"og:image:width\" content=\"750\" \/>\n\t<meta property=\"og:image:height\" content=\"740\" \/>\n\t<meta property=\"og:image:type\" content=\"image\/jpeg\" \/>\n<meta name=\"twitter:card\" content=\"summary_large_image\" \/>\n<meta name=\"twitter:label1\" content=\"Tiempo de lectura\" \/>\n\t<meta name=\"twitter:data1\" content=\"2 minutos\" \/>\n<script type=\"application\/ld+json\" class=\"yoast-schema-graph\">{\"@context\":\"https:\/\/schema.org\",\"@graph\":[{\"@type\":\"WebPage\",\"@id\":\"https:\/\/ecell.es\/es\/contacto\/\",\"url\":\"https:\/\/ecell.es\/es\/contacto\/\",\"name\":\"Contacto | eCell\",\"isPartOf\":{\"@id\":\"https:\/\/ecell.es\/es\/#website\"},\"primaryImageOfPage\":{\"@id\":\"https:\/\/ecell.es\/es\/contacto\/#primaryimage\"},\"image\":{\"@id\":\"https:\/\/ecell.es\/es\/contacto\/#primaryimage\"},\"thumbnailUrl\":\"https:\/\/ecell.es\/wp-content\/uploads\/2024\/02\/eCell-Trust-Care-Team-2.jpg\",\"datePublished\":\"2023-05-10T07:14:04+00:00\",\"dateModified\":\"2024-12-09T16:45:44+00:00\",\"description\":\"Nuestro equipo dedicado estar\u00e1 encantado de ayudarte con cualquier consulta que puedas tener sobre nuestros productos.\",\"inLanguage\":\"es\",\"potentialAction\":[{\"@type\":\"ReadAction\",\"target\":[\"https:\/\/ecell.es\/es\/contacto\/\"]}]},{\"@type\":\"ImageObject\",\"inLanguage\":\"es\",\"@id\":\"https:\/\/ecell.es\/es\/contacto\/#primaryimage\",\"url\":\"https:\/\/ecell.es\/wp-content\/uploads\/2024\/02\/eCell-Trust-Care-Team-2.jpg\",\"contentUrl\":\"https:\/\/ecell.es\/wp-content\/uploads\/2024\/02\/eCell-Trust-Care-Team-2.jpg\",\"width\":750,\"height\":740,\"caption\":\"Customer care representative from eCell smiling, ready to assist, with contact details displayed.\"},{\"@type\":\"WebSite\",\"@id\":\"https:\/\/ecell.es\/es\/#website\",\"url\":\"https:\/\/ecell.es\/es\/\",\"name\":\"eCell\",\"description\":\"Anti-Aging Technologies\",\"publisher\":{\"@id\":\"https:\/\/ecell.es\/es\/#organization\"},\"alternateName\":\"eCell\",\"potentialAction\":[{\"@type\":\"SearchAction\",\"target\":{\"@type\":\"EntryPoint\",\"urlTemplate\":\"https:\/\/ecell.es\/es\/?s={search_term_string}\"},\"query-input\":{\"@type\":\"PropertyValueSpecification\",\"valueRequired\":true,\"valueName\":\"search_term_string\"}}],\"inLanguage\":\"es\"},{\"@type\":\"Organization\",\"@id\":\"https:\/\/ecell.es\/es\/#organization\",\"name\":\"eCell\",\"alternateName\":\"eCell\",\"url\":\"https:\/\/ecell.es\/es\/\",\"logo\":{\"@type\":\"ImageObject\",\"inLanguage\":\"es\",\"@id\":\"https:\/\/ecell.es\/es\/#\/schema\/logo\/image\/\",\"url\":\"https:\/\/ecell.es\/wp-content\/uploads\/2023\/05\/cropped-cropped-Favicon-eCell.png\",\"contentUrl\":\"https:\/\/ecell.es\/wp-content\/uploads\/2023\/05\/cropped-cropped-Favicon-eCell.png\",\"width\":512,\"height\":512,\"caption\":\"eCell\"},\"image\":{\"@id\":\"https:\/\/ecell.es\/es\/#\/schema\/logo\/image\/\"},\"sameAs\":[\"https:\/\/www.facebook.com\/eCell-Anti-Aging-Technologies-101623309114646\",\"https:\/\/www.instagram.com\/ecell.life\/\"]}]}<\/script>\n<!-- \/ Yoast SEO plugin. -->","yoast_head_json":{"title":"Contacto | eCell","description":"Nuestro equipo dedicado estar\u00e1 encantado de ayudarte con cualquier consulta que puedas tener sobre nuestros productos.","robots":{"index":"index","follow":"follow","max-snippet":"max-snippet:-1","max-image-preview":"max-image-preview:large","max-video-preview":"max-video-preview:-1"},"canonical":"https:\/\/ecell.es\/es\/contacto\/","og_locale":"es_ES","og_type":"article","og_title":"Contacto | eCell","og_description":"Nuestro equipo dedicado estar\u00e1 encantado de ayudarte con cualquier consulta que puedas tener sobre nuestros productos.","og_url":"https:\/\/ecell.es\/es\/contacto\/","og_site_name":"eCell","article_publisher":"https:\/\/www.facebook.com\/eCell-Anti-Aging-Technologies-101623309114646","article_modified_time":"2024-12-09T16:45:44+00:00","og_image":[{"width":750,"height":740,"url":"https:\/\/ecell.es\/wp-content\/uploads\/2024\/02\/eCell-Trust-Care-Team-2.jpg","type":"image\/jpeg"}],"twitter_card":"summary_large_image","twitter_misc":{"Tiempo de lectura":"2 minutos"},"schema":{"@context":"https:\/\/schema.org","@graph":[{"@type":"WebPage","@id":"https:\/\/ecell.es\/es\/contacto\/","url":"https:\/\/ecell.es\/es\/contacto\/","name":"Contacto | eCell","isPartOf":{"@id":"https:\/\/ecell.es\/es\/#website"},"primaryImageOfPage":{"@id":"https:\/\/ecell.es\/es\/contacto\/#primaryimage"},"image":{"@id":"https:\/\/ecell.es\/es\/contacto\/#primaryimage"},"thumbnailUrl":"https:\/\/ecell.es\/wp-content\/uploads\/2024\/02\/eCell-Trust-Care-Team-2.jpg","datePublished":"2023-05-10T07:14:04+00:00","dateModified":"2024-12-09T16:45:44+00:00","description":"Nuestro equipo dedicado estar\u00e1 encantado de ayudarte con cualquier consulta que puedas tener sobre nuestros productos.","inLanguage":"es","potentialAction":[{"@type":"ReadAction","target":["https:\/\/ecell.es\/es\/contacto\/"]}]},{"@type":"ImageObject","inLanguage":"es","@id":"https:\/\/ecell.es\/es\/contacto\/#primaryimage","url":"https:\/\/ecell.es\/wp-content\/uploads\/2024\/02\/eCell-Trust-Care-Team-2.jpg","contentUrl":"https:\/\/ecell.es\/wp-content\/uploads\/2024\/02\/eCell-Trust-Care-Team-2.jpg","width":750,"height":740,"caption":"Customer care representative from eCell smiling, ready to assist, with contact details displayed."},{"@type":"WebSite","@id":"https:\/\/ecell.es\/es\/#website","url":"https:\/\/ecell.es\/es\/","name":"eCell","description":"Anti-Aging Technologies","publisher":{"@id":"https:\/\/ecell.es\/es\/#organization"},"alternateName":"eCell","potentialAction":[{"@type":"SearchAction","target":{"@type":"EntryPoint","urlTemplate":"https:\/\/ecell.es\/es\/?s={search_term_string}"},"query-input":{"@type":"PropertyValueSpecification","valueRequired":true,"valueName":"search_term_string"}}],"inLanguage":"es"},{"@type":"Organization","@id":"https:\/\/ecell.es\/es\/#organization","name":"eCell","alternateName":"eCell","url":"https:\/\/ecell.es\/es\/","logo":{"@type":"ImageObject","inLanguage":"es","@id":"https:\/\/ecell.es\/es\/#\/schema\/logo\/image\/","url":"https:\/\/ecell.es\/wp-content\/uploads\/2023\/05\/cropped-cropped-Favicon-eCell.png","contentUrl":"https:\/\/ecell.es\/wp-content\/uploads\/2023\/05\/cropped-cropped-Favicon-eCell.png","width":512,"height":512,"caption":"eCell"},"image":{"@id":"https:\/\/ecell.es\/es\/#\/schema\/logo\/image\/"},"sameAs":["https:\/\/www.facebook.com\/eCell-Anti-Aging-Technologies-101623309114646","https:\/\/www.instagram.com\/ecell.life\/"]}]}},"_links":{"self":[{"href":"https:\/\/ecell.es\/es\/wp-json\/wp\/v2\/pages\/1515","targetHints":{"allow":["GET"]}}],"collection":[{"href":"https:\/\/ecell.es\/es\/wp-json\/wp\/v2\/pages"}],"about":[{"href":"https:\/\/ecell.es\/es\/wp-json\/wp\/v2\/types\/page"}],"author":[{"embeddable":true,"href":"https:\/\/ecell.es\/es\/wp-json\/wp\/v2\/users\/1"}],"replies":[{"embeddable":true,"href":"https:\/\/ecell.es\/es\/wp-json\/wp\/v2\/comments?post=1515"}],"version-history":[{"count":17,"href":"https:\/\/ecell.es\/es\/wp-json\/wp\/v2\/pages\/1515\/revisions"}],"predecessor-version":[{"id":5221,"href":"https:\/\/ecell.es\/es\/wp-json\/wp\/v2\/pages\/1515\/revisions\/5221"}],"wp:featuredmedia":[{"embeddable":true,"href":"https:\/\/ecell.es\/es\/wp-json\/wp\/v2\/media\/3657"}],"wp:attachment":[{"href":"https:\/\/ecell.es\/es\/wp-json\/wp\/v2\/media?parent=1515"}],"curies":[{"name":"wp","href":"https:\/\/api.w.org\/{rel}","templated":true}]}}