{"id":1535,"date":"2023-05-10T09:16:23","date_gmt":"2023-05-10T07:16:23","guid":{"rendered":"https:\/\/ecell.es\/terms-and-conditions\/"},"modified":"2023-11-24T13:51:34","modified_gmt":"2023-11-24T12:51:34","slug":"terms-and-conditions","status":"publish","type":"page","link":"https:\/\/ecell.es\/es\/terms-and-conditions\/","title":{"rendered":"Terms and conditions"},"content":{"rendered":"<p>[et_pb_section fb_built=\u00bb1&#8243; _builder_version=\u00bb4.23&#8243; _module_preset=\u00bbdefault\u00bb background_color=\u00bbrgba(0,0,0,0.05)\u00bb background_enable_image=\u00bboff\u00bb background_blend=\u00bbmultiply\u00bb locked=\u00bboff\u00bb global_colors_info=\u00bb{}\u00bb][et_pb_row _builder_version=\u00bb4.21.0&#8243; _module_preset=\u00bbdefault\u00bb global_colors_info=\u00bb{}\u00bb][et_pb_column type=\u00bb4_4&#8243; _builder_version=\u00bb4.21.0&#8243; _module_preset=\u00bbdefault\u00bb global_colors_info=\u00bb{}\u00bb][et_pb_text _builder_version=\u00bb4.21.0&#8243; _module_preset=\u00bbdefault\u00bb background_layout=\u00bbdark\u00bb global_colors_info=\u00bb{}\u00bb]<\/p>\n<p><span><\/span><\/p>\n<p>[\/et_pb_text][et_pb_text _builder_version=\u00bb4.23&#8243; _module_preset=\u00bbdefault\u00bb text_text_color=\u00bb#DBB564&#8243; header_font=\u00bb|600||on|||||\u00bb header_text_color=\u00bb#DBB564&#8243; header_font_size=\u00bb42px\u00bb header_line_height=\u00bb1.2em\u00bb custom_margin=\u00bb||0px||false|false\u00bb header_font_size_tablet=\u00bb36px\u00bb header_font_size_phone=\u00bb32px\u00bb header_font_size_last_edited=\u00bbon|desktop\u00bb global_colors_info=\u00bb{}\u00bb]<\/p>\n<h1>T\u00e9rminos y Condiciones<\/h1>\n<p>[\/et_pb_text][\/et_pb_column][\/et_pb_row][\/et_pb_section][et_pb_section fb_built=\u00bb1&#8243; _builder_version=\u00bb4.21.0&#8243; _module_preset=\u00bbdefault\u00bb custom_padding=\u00bb40px|||||\u00bb global_colors_info=\u00bb{}\u00bb][et_pb_row module_id=\u00bbterms\u00bb _builder_version=\u00bb4.21.0&#8243; _module_preset=\u00bbdefault\u00bb global_colors_info=\u00bb{}\u00bb][et_pb_column type=\u00bb4_4&#8243; _builder_version=\u00bb4.21.0&#8243; _module_preset=\u00bbdefault\u00bb global_colors_info=\u00bb{}\u00bb][et_pb_text _builder_version=\u00bb4.23&#8243; _module_preset=\u00bbdefault\u00bb header_font=\u00bb|600|||||||\u00bb header_text_color=\u00bb#DBB564&#8243; header_line_height=\u00bb1.2em\u00bb header_2_font=\u00bb|600|||||||\u00bb header_2_text_color=\u00bb#000000&#8243; header_2_font_size=\u00bb22px\u00bb hover_enabled=\u00bb0&#8243; global_colors_info=\u00bb{}\u00bb sticky_enabled=\u00bb0&#8243;]<\/p>\n<div class=\"flex-1 overflow-hidden\">\n<div class=\"react-scroll-to-bottom--css-bxjml-79elbk h-full\">\n<div class=\"react-scroll-to-bottom--css-bxjml-1n7m0yu\">\n<div class=\"flex flex-col text-sm gizmo:pb-9 dark:bg-gray-800 gizmo:dark:bg-transparent\">\n<div class=\"w-full text-token-text-primary border-b border-black\/10 gizmo:border-0 dark:border-gray-900\/50 gizmo:dark:border-0 bg-gray-50 gizmo:bg-transparent dark:bg-[#444654] gizmo:dark:bg-transparent\" data-testid=\"conversation-turn-3\">\n<div class=\"p-4 gizmo:py-2 justify-center text-base md:gap-6 md:py-6 m-auto\">\n<div class=\"flex flex-1 gap-4 text-base mx-auto md:gap-6 gizmo:gap-3 gizmo:md:px-5 gizmo:lg:px-1 gizmo:xl:px-5 md:max-w-2xl lg:max-w-[38rem] gizmo:md:max-w-3xl gizmo:lg:max-w-[40rem] gizmo:xl:max-w-[48rem] xl:max-w-3xl } group final-completion\">\n<div class=\"relative flex w-[calc(100%-50px)] flex-col gizmo:w-full lg:w-[calc(100%-115px)] agent-turn\">\n<div class=\"flex-col gap-1 md:gap-3\">\n<div class=\"flex flex-grow flex-col max-w-full gap-3 gizmo:gap-0\">\n<div data-message-author-role=\"assistant\" data-message-id=\"9d523635-5858-4d35-a9d4-f072cc12b3bf\" class=\"min-h-[20px] text-message flex flex-col items-start gap-3 whitespace-pre-wrap break-words [.text-message+&amp;]:mt-5 overflow-x-auto\">\n<div class=\"markdown prose w-full break-words dark:prose-invert dark\">\n<p><a href=\"https:\/\/ecell.es\/\" target=\"_new\" rel=\"noopener\">https:\/\/ecell.es\/<\/a> es un sitio web de comercio electr\u00f3nico (en adelante, \u00abla Tienda en L\u00ednea\u00bb) propiedad de eCell Anti-Aging Technologies, S.L., ubicada en Consell de Cent, 304, 2\u00ba 2\u00ba, 08007 Barcelona, y con n\u00famero de Identificaci\u00f3n Fiscal B01998616.<\/p>\n<p>El Cliente es la persona f\u00edsica o entidad legal que contrata los productos comercializados en la Tienda en L\u00ednea.<\/p>\n<h2>1. La Tienda en L\u00ednea<\/h2>\n<p>eCell Anti-Aging Technologies S.L. se especializa en la venta a distancia de tecnolog\u00edas avanzadas para mejorar la salud.<\/p>\n<h2>2. Informaci\u00f3n y datos<\/h2>\n<p>El \u00e1rea de ventas de <a href=\"https:\/\/ecell.es\/\" target=\"_new\" rel=\"noopener\">https:\/\/ecell.es\/<\/a> es global.<\/p>\n<p><a href=\"https:\/\/ecell.es\/\" target=\"_new\" rel=\"noopener\">https:\/\/ecell.es\/<\/a> se reserva el derecho de modificar en cualquier momento los contenidos, productos o servicios comercializados en el sitio web, as\u00ed como las ofertas comerciales presentadas.<\/p>\n<p><a href=\"https:\/\/ecell.es\/\" target=\"_new\" rel=\"noopener\">https:\/\/ecell.es\/<\/a> realiza todos los esfuerzos a su alcance para ofrecer la informaci\u00f3n contenida en el sitio web de manera veraz y sin errores tipogr\u00e1ficos. En caso de que en alg\u00fan momento haya un error de este tipo, siempre involuntario por parte de <a href=\"https:\/\/ecell.es\/\" target=\"_new\" rel=\"noopener\">https:\/\/ecell.es\/<\/a>, proceder\u00e1 inmediatamente a su correcci\u00f3n. Si hay un error tipogr\u00e1fico en alguno de los precios mostrados y un Cliente ha tomado una decisi\u00f3n de compra basada en este error, <a href=\"https:\/\/ecell.es\/\" target=\"_new\" rel=\"noopener\">https:\/\/ecell.es\/<\/a> comunicar\u00e1 este error al Cliente, y el cliente tendr\u00e1 el derecho de cancelar su compra sin costo alguno.<\/p>\n<p>Los contenidos del sitio web <a href=\"https:\/\/ecell.es\/\" target=\"_new\" rel=\"noopener\">https:\/\/ecell.es\/<\/a> pueden mostrar ocasionalmente informaci\u00f3n provisional sobre algunos productos. Si la informaci\u00f3n proporcionada no corresponde a las caracter\u00edsticas del producto, el Cliente tendr\u00e1 el derecho de cancelar su compra sin costo alguno.<\/p>\n<h2>3. Procedimiento de compra<\/h2>\n<p>Para realizar una compra, el Cliente debe seleccionar los productos que desea comprar y agregarlos al carrito de compras presionando el bot\u00f3n \u00abComprar\u00bb. Una vez que ha agregado los productos que desea comprar al carrito, debe hacer clic en el bot\u00f3n \u00abRealizar pedido\u00bb. Para procesar el pedido, debe proporcionar los datos solicitados a menos que tenga un registro de cliente, y elegir el m\u00e9todo de pago que prefiera. Una vez proporcionada la informaci\u00f3n solicitada y aceptado el pedido por el Cliente, se habr\u00e1 realizado la compra. ATENCI\u00d3N: El precio expresado no incluye los gastos de env\u00edo que puedan generarse, ya que las tarifas var\u00edan seg\u00fan el destino y el peso del pedido final.<\/p>\n<h2>4. Impuestos aplicables<\/h2>\n<p>Los precios de los productos mostrados en el sitio web de <a href=\"https:\/\/ecell.es\/\" target=\"_new\" rel=\"noopener\">https:\/\/ecell.es\/<\/a> incluyen el Impuesto sobre el Valor A\u00f1adido (IVA) que, en su caso, deba aplicarse. Las compras que se entreguen en el territorio de alguno de los estados miembros de la Uni\u00f3n Europea estar\u00e1n sujetas al IVA. Las compras que se entreguen en territorios de estados no miembros de la Uni\u00f3n Europea, Islas Canarias, Ceuta o Melilla estar\u00e1n exentas de IVA.<\/p>\n<h2>5. M\u00e9todo de pago<\/h2>\n<p>Al realizar el pedido, el cliente puede elegir libremente pagar las compras realizadas con tarjeta de d\u00e9bito o cr\u00e9dito. En ciertos casos y para prevenir posibles fraudes, <a href=\"https:\/\/ecell.es\/\" target=\"_new\" rel=\"noopener\">https:\/\/ecell.es\/<\/a> se reserva el derecho de solicitar una forma espec\u00edfica de pago en el caso de que no se acredite de manera cre\u00edble la identidad del comprador.<\/p>\n<h2>6. Obligaciones del Cliente<\/h2>\n<p>El Cliente de <a href=\"https:\/\/ecell.es\/\" target=\"_new\" rel=\"noopener\">https:\/\/ecell.es\/<\/a> se compromete en todo momento a proporcionar informaci\u00f3n veraz sobre los datos solicitados en los formularios de registro de usuario o de realizaci\u00f3n de pedidos, y a mantenerlos actualizados en todo momento.<\/p>\n<p>El Cliente acepta las presentes condiciones generales contenidas en este contrato.<\/p>\n<p><a href=\"https:\/\/ecell.es\/\" target=\"_new\" rel=\"noopener\">https:\/\/ecell.es\/<\/a> proporcionar\u00e1 al Cliente un identificador y una contrase\u00f1a (seg\u00fan sea el caso, elegidos por el Cliente). El Cliente se compromete a mantener confidenciales sus claves de acceso personales y a actuar con la m\u00e1xima diligencia.<\/p>\n<h2>7. Seguridad y confidencialidad<\/h2>\n<p><a href=\"https:\/\/ecell.es\/\" target=\"_new\" rel=\"noopener\">https:\/\/ecell.es\/<\/a> garantiza seguridad y confidencialidad en todas sus transacciones. Todas las operaciones bancarias se realizan a trav\u00e9s de un servidor seguro, basado en el est\u00e1ndar SSL que protege los datos.<\/p>\n<p>Todos los datos personales proporcionados por el Cliente a <a href=\"https:\/\/ecell.es\/\" target=\"_new\" rel=\"noopener\">https:\/\/ecell.es\/<\/a> se incluir\u00e1n en un archivo de datos personales creado y mantenido bajo la responsabilidad de eCell Anti-Aging Technologies S.L. De acuerdo con lo establecido en la Ley Org\u00e1nica 15\/1999, de 13 de diciembre, de Protecci\u00f3n de Datos Personales, el Cliente puede ejercer en cualquier momento los derechos de acceso, rectificaci\u00f3n, cancelaci\u00f3n y oposici\u00f3n sobre sus datos personales comunic\u00e1ndolo por correo electr\u00f3nico a <a href=\"mailto:info@ecell.es\" target=\"_new\" rel=\"noopener\">info@ecell.es<\/a>.<\/p>\n<h2>8. Disponibilidad<\/h2>\n<p><a href=\"https:\/\/ecell.es\/\" target=\"_new\" rel=\"noopener\">https:\/\/ecell.es\/<\/a> no garantiza la disponibilidad continua y permanente del servicio de la tienda en l\u00ednea. Se exime, por lo tanto, de cualquier responsabilidad por posibles da\u00f1os causados como resultado de la indisponibilidad de la tienda en l\u00ednea. En estos casos, eCell Anti-Aging Technologies S.L. har\u00e1 sus mejores esfuerzos para notificar con 24 horas de antelaci\u00f3n la interrupci\u00f3n. <a href=\"https:\/\/ecell.es\/\" target=\"_new\" rel=\"noopener\">https:\/\/ecell.es\/<\/a> no ser\u00e1 responsable de la interrupci\u00f3n, suspensi\u00f3n o terminaci\u00f3n del servicio de la tienda en l\u00ednea.<\/p>\n<h2>9. Horarios<\/h2>\n<p>Las compras en <a href=\"https:\/\/ecell.es\/\" target=\"_new\" rel=\"noopener\">https:\/\/ecell.es\/<\/a> se pueden realizar las 24 horas del d\u00eda, los 7 d\u00edas de la semana, durante todo el a\u00f1o.<\/p>\n<h2>10. Legislaci\u00f3n aplicable y jurisdicci\u00f3n competente<\/h2>\n<p>Las compras realizadas en <a href=\"https:\/\/ecell.es\/\" target=\"_new\" rel=\"noopener\">https:\/\/ecell.es\/<\/a> est\u00e1n sujetas a la legislaci\u00f3n espa\u00f1ola. En caso de cualquier conflicto o discrepancia, la jurisdicci\u00f3n competente ser\u00e1 la establecida por la legislaci\u00f3n espa\u00f1ola en su ley de consumidores y usuarios.<\/p>\n<h2>11. Nulidad e ineficacia de las cl\u00e1usulas<\/h2>\n<p>Si alguna cl\u00e1usula incluida en estas Condiciones Generales se declara, total o parcialmente, nula o ineficaz, dicha nulidad o ineficacia afectar\u00e1 solo a esa disposici\u00f3n o a la parte de ella que sea nula o ineficaz, subsistiendo estas condiciones generales en todo lo dem\u00e1s, considerando dicha disposici\u00f3n total o parcialmente no incluida.<\/p>\n<\/div>\n<\/div>\n<\/div>\n<\/div>\n<\/div>\n<\/div>\n<\/div>\n<\/div>\n<\/div>\n<\/div>\n<\/div>\n<\/div>\n<p>[\/et_pb_text][\/et_pb_column][\/et_pb_row][\/et_pb_section]<\/p>\n<span class=\"et_bloom_bottom_trigger\"><\/span>","protected":false},"excerpt":{"rendered":"<p>T\u00e9rminos y Condiciones https:\/\/ecell.es\/ es un sitio web de comercio electr\u00f3nico (en adelante, \u00abla Tienda en L\u00ednea\u00bb) propiedad de eCell Anti-Aging Technologies, S.L., ubicada en Consell de Cent, 304, 2\u00ba 2\u00ba, 08007 Barcelona, y con n\u00famero de Identificaci\u00f3n Fiscal B01998616. El Cliente es la persona f\u00edsica o entidad legal que contrata los productos comercializados en [&hellip;]<\/p>\n","protected":false},"author":1,"featured_media":0,"parent":0,"menu_order":100,"comment_status":"closed","ping_status":"closed","template":"","meta":{"_et_pb_use_builder":"on","_et_pb_old_content":"<!-- wp:divi\/placeholder \/-->","_et_gb_content_width":"","footnotes":""},"class_list":["post-1535","page","type-page","status-publish","hentry"],"yoast_head":"<!-- This site is optimized with the Yoast SEO plugin v27.2 - https:\/\/yoast.com\/product\/yoast-seo-wordpress\/ -->\n<title>Terms and conditions | eCell<\/title>\n<meta name=\"robots\" content=\"noindex, follow\" \/>\n<meta property=\"og:locale\" content=\"es_ES\" \/>\n<meta property=\"og:type\" content=\"article\" \/>\n<meta property=\"og:title\" content=\"Terms and conditions | eCell\" \/>\n<meta property=\"og:description\" content=\"T\u00e9rminos y Condiciones https:\/\/ecell.es\/ es un sitio web de comercio electr\u00f3nico (en adelante, &quot;la Tienda en L\u00ednea&quot;) propiedad de eCell Anti-Aging Technologies, S.L., ubicada en Consell de Cent, 304, 2\u00ba 2\u00ba, 08007 Barcelona, y con n\u00famero de Identificaci\u00f3n Fiscal B01998616. El Cliente es la persona f\u00edsica o entidad legal que contrata los productos comercializados en [&hellip;]\" \/>\n<meta property=\"og:url\" content=\"https:\/\/ecell.es\/es\/terms-and-conditions\/\" \/>\n<meta property=\"og:site_name\" content=\"eCell\" \/>\n<meta property=\"article:publisher\" content=\"https:\/\/www.facebook.com\/eCell-Anti-Aging-Technologies-101623309114646\" \/>\n<meta property=\"article:modified_time\" content=\"2023-11-24T12:51:34+00:00\" \/>\n<meta property=\"og:image\" content=\"https:\/\/ecell.es\/wp-content\/uploads\/2023\/05\/ecell-structured-water.png\" \/>\n\t<meta property=\"og:image:width\" content=\"334\" \/>\n\t<meta property=\"og:image:height\" content=\"144\" \/>\n\t<meta property=\"og:image:type\" content=\"image\/png\" \/>\n<meta name=\"twitter:card\" content=\"summary_large_image\" \/>\n<meta name=\"twitter:label1\" content=\"Tiempo de lectura\" \/>\n\t<meta name=\"twitter:data1\" content=\"4 minutos\" \/>\n<script type=\"application\/ld+json\" class=\"yoast-schema-graph\">{\"@context\":\"https:\/\/schema.org\",\"@graph\":[{\"@type\":\"WebPage\",\"@id\":\"https:\/\/ecell.es\/es\/terms-and-conditions\/\",\"url\":\"https:\/\/ecell.es\/es\/terms-and-conditions\/\",\"name\":\"Terms and conditions | eCell\",\"isPartOf\":{\"@id\":\"https:\/\/ecell.es\/es\/#website\"},\"datePublished\":\"2023-05-10T07:16:23+00:00\",\"dateModified\":\"2023-11-24T12:51:34+00:00\",\"inLanguage\":\"es\",\"potentialAction\":[{\"@type\":\"ReadAction\",\"target\":[\"https:\/\/ecell.es\/es\/terms-and-conditions\/\"]}]},{\"@type\":\"WebSite\",\"@id\":\"https:\/\/ecell.es\/es\/#website\",\"url\":\"https:\/\/ecell.es\/es\/\",\"name\":\"eCell\",\"description\":\"Anti-Aging Technologies\",\"publisher\":{\"@id\":\"https:\/\/ecell.es\/es\/#organization\"},\"alternateName\":\"eCell\",\"potentialAction\":[{\"@type\":\"SearchAction\",\"target\":{\"@type\":\"EntryPoint\",\"urlTemplate\":\"https:\/\/ecell.es\/es\/?s={search_term_string}\"},\"query-input\":{\"@type\":\"PropertyValueSpecification\",\"valueRequired\":true,\"valueName\":\"search_term_string\"}}],\"inLanguage\":\"es\"},{\"@type\":\"Organization\",\"@id\":\"https:\/\/ecell.es\/es\/#organization\",\"name\":\"eCell\",\"alternateName\":\"eCell\",\"url\":\"https:\/\/ecell.es\/es\/\",\"logo\":{\"@type\":\"ImageObject\",\"inLanguage\":\"es\",\"@id\":\"https:\/\/ecell.es\/es\/#\/schema\/logo\/image\/\",\"url\":\"https:\/\/ecell.es\/wp-content\/uploads\/2023\/05\/cropped-cropped-Favicon-eCell.png\",\"contentUrl\":\"https:\/\/ecell.es\/wp-content\/uploads\/2023\/05\/cropped-cropped-Favicon-eCell.png\",\"width\":512,\"height\":512,\"caption\":\"eCell\"},\"image\":{\"@id\":\"https:\/\/ecell.es\/es\/#\/schema\/logo\/image\/\"},\"sameAs\":[\"https:\/\/www.facebook.com\/eCell-Anti-Aging-Technologies-101623309114646\",\"https:\/\/www.instagram.com\/ecell.life\/\"]}]}<\/script>\n<!-- \/ Yoast SEO plugin. -->","yoast_head_json":{"title":"Terms and conditions | eCell","robots":{"index":"noindex","follow":"follow"},"og_locale":"es_ES","og_type":"article","og_title":"Terms and conditions | eCell","og_description":"T\u00e9rminos y Condiciones https:\/\/ecell.es\/ es un sitio web de comercio electr\u00f3nico (en adelante, \"la Tienda en L\u00ednea\") propiedad de eCell Anti-Aging Technologies, S.L., ubicada en Consell de Cent, 304, 2\u00ba 2\u00ba, 08007 Barcelona, y con n\u00famero de Identificaci\u00f3n Fiscal B01998616. El Cliente es la persona f\u00edsica o entidad legal que contrata los productos comercializados en [&hellip;]","og_url":"https:\/\/ecell.es\/es\/terms-and-conditions\/","og_site_name":"eCell","article_publisher":"https:\/\/www.facebook.com\/eCell-Anti-Aging-Technologies-101623309114646","article_modified_time":"2023-11-24T12:51:34+00:00","og_image":[{"width":334,"height":144,"url":"https:\/\/ecell.es\/wp-content\/uploads\/2023\/05\/ecell-structured-water.png","type":"image\/png"}],"twitter_card":"summary_large_image","twitter_misc":{"Tiempo de lectura":"4 minutos"},"schema":{"@context":"https:\/\/schema.org","@graph":[{"@type":"WebPage","@id":"https:\/\/ecell.es\/es\/terms-and-conditions\/","url":"https:\/\/ecell.es\/es\/terms-and-conditions\/","name":"Terms and conditions | eCell","isPartOf":{"@id":"https:\/\/ecell.es\/es\/#website"},"datePublished":"2023-05-10T07:16:23+00:00","dateModified":"2023-11-24T12:51:34+00:00","inLanguage":"es","potentialAction":[{"@type":"ReadAction","target":["https:\/\/ecell.es\/es\/terms-and-conditions\/"]}]},{"@type":"WebSite","@id":"https:\/\/ecell.es\/es\/#website","url":"https:\/\/ecell.es\/es\/","name":"eCell","description":"Anti-Aging Technologies","publisher":{"@id":"https:\/\/ecell.es\/es\/#organization"},"alternateName":"eCell","potentialAction":[{"@type":"SearchAction","target":{"@type":"EntryPoint","urlTemplate":"https:\/\/ecell.es\/es\/?s={search_term_string}"},"query-input":{"@type":"PropertyValueSpecification","valueRequired":true,"valueName":"search_term_string"}}],"inLanguage":"es"},{"@type":"Organization","@id":"https:\/\/ecell.es\/es\/#organization","name":"eCell","alternateName":"eCell","url":"https:\/\/ecell.es\/es\/","logo":{"@type":"ImageObject","inLanguage":"es","@id":"https:\/\/ecell.es\/es\/#\/schema\/logo\/image\/","url":"https:\/\/ecell.es\/wp-content\/uploads\/2023\/05\/cropped-cropped-Favicon-eCell.png","contentUrl":"https:\/\/ecell.es\/wp-content\/uploads\/2023\/05\/cropped-cropped-Favicon-eCell.png","width":512,"height":512,"caption":"eCell"},"image":{"@id":"https:\/\/ecell.es\/es\/#\/schema\/logo\/image\/"},"sameAs":["https:\/\/www.facebook.com\/eCell-Anti-Aging-Technologies-101623309114646","https:\/\/www.instagram.com\/ecell.life\/"]}]}},"_links":{"self":[{"href":"https:\/\/ecell.es\/es\/wp-json\/wp\/v2\/pages\/1535","targetHints":{"allow":["GET"]}}],"collection":[{"href":"https:\/\/ecell.es\/es\/wp-json\/wp\/v2\/pages"}],"about":[{"href":"https:\/\/ecell.es\/es\/wp-json\/wp\/v2\/types\/page"}],"author":[{"embeddable":true,"href":"https:\/\/ecell.es\/es\/wp-json\/wp\/v2\/users\/1"}],"replies":[{"embeddable":true,"href":"https:\/\/ecell.es\/es\/wp-json\/wp\/v2\/comments?post=1535"}],"version-history":[{"count":12,"href":"https:\/\/ecell.es\/es\/wp-json\/wp\/v2\/pages\/1535\/revisions"}],"predecessor-version":[{"id":2809,"href":"https:\/\/ecell.es\/es\/wp-json\/wp\/v2\/pages\/1535\/revisions\/2809"}],"wp:attachment":[{"href":"https:\/\/ecell.es\/es\/wp-json\/wp\/v2\/media?parent=1535"}],"curies":[{"name":"wp","href":"https:\/\/api.w.org\/{rel}","templated":true}]}}