{"id":4019,"date":"2024-05-01T19:59:04","date_gmt":"2024-05-01T17:59:04","guid":{"rendered":"https:\/\/ecell.es\/shop\/cellvital-glasses\/"},"modified":"2026-02-04T15:35:48","modified_gmt":"2026-02-04T14:35:48","slug":"cellvital-glasses","status":"publish","type":"product","link":"https:\/\/ecell.es\/es\/shop\/cellvital-glasses\/","title":{"rendered":"Gafas Cellvital EyeCare"},"content":{"rendered":"<p>[et_pb_section fb_built=\u00bb1&#8243; _builder_version=\u00bb4.21.0&#8243; _module_preset=\u00bbdefault\u00bb background_color=\u00bb#f9f9f9&#8243; custom_padding=\u00bb0px||0px||true|false\u00bb global_colors_info=\u00bb{}\u00bb][et_pb_row _builder_version=\u00bb4.21.0&#8243; _module_preset=\u00bbdefault\u00bb custom_padding=\u00bb15px||5px||false|false\u00bb global_colors_info=\u00bb{}\u00bb][et_pb_column type=\u00bb4_4&#8243; _builder_version=\u00bb4.21.0&#8243; _module_preset=\u00bbdefault\u00bb global_colors_info=\u00bb{}\u00bb][et_pb_wc_breadcrumb _builder_version=\u00bb4.21.0&#8243; _module_preset=\u00bbdefault\u00bb global_colors_info=\u00bb{}\u00bb][\/et_pb_wc_breadcrumb][et_pb_text _builder_version=\u00bb4.25.1&#8243; _module_preset=\u00bbdefault\u00bb text_text_color=\u00bb#ff2121&#8243; custom_margin=\u00bb-25px||||false|false\u00bb locked=\u00bboff\u00bb global_colors_info=\u00bb{}\u00bb][\/et_pb_text][\/et_pb_column][\/et_pb_row][\/et_pb_section][et_pb_section fb_built=\u00bb1&#8243; _builder_version=\u00bb4.21.0&#8243; _module_preset=\u00bbdefault\u00bb custom_padding=\u00bb20px||20px||true|false\u00bb global_colors_info=\u00bb{}\u00bb][et_pb_row column_structure=\u00bb2_5,3_5&#8243; _builder_version=\u00bb4.21.0&#8243; _module_preset=\u00bbdefault\u00bb global_colors_info=\u00bb{}\u00bb][et_pb_column type=\u00bb2_5&#8243; _builder_version=\u00bb4.21.0&#8243; _module_preset=\u00bbdefault\u00bb global_colors_info=\u00bb{}\u00bb][et_pb_wc_images _builder_version=\u00bb4.21.0&#8243; _module_preset=\u00bbdefault\u00bb global_colors_info=\u00bb{}\u00bb][\/et_pb_wc_images][\/et_pb_column][et_pb_column type=\u00bb3_5&#8243; _builder_version=\u00bb4.21.0&#8243; _module_preset=\u00bbdefault\u00bb global_colors_info=\u00bb{}\u00bb][et_pb_wc_title _builder_version=\u00bb4.21.0&#8243; _module_preset=\u00bbdefault\u00bb header_font=\u00bb|600|||||||\u00bb header_text_color=\u00bb#DBB564&#8243; custom_margin=\u00bb||15px||false|false\u00bb custom_padding=\u00bb||10px||false|false\u00bb border_width_bottom=\u00bb1px\u00bb border_color_bottom=\u00bb#DBB564&#8243; global_colors_info=\u00bb{}\u00bb][\/et_pb_wc_title][et_pb_wc_price _builder_version=\u00bb4.21.0&#8243; _module_preset=\u00bbdefault\u00bb body_font=\u00bb|700|||||||\u00bb body_text_color=\u00bb#686868&#8243; custom_margin=\u00bb||0px||false|false\u00bb global_colors_info=\u00bb{}\u00bb][\/et_pb_wc_price][et_pb_text _builder_version=\u00bb4.25.0&#8243; _module_preset=\u00bbdefault\u00bb text_font_size=\u00bb12px\u00bb custom_margin=\u00bb||19px|||\u00bb global_colors_info=\u00bb{}\u00bb]<\/p>\n<p><span>IVA no incluido<\/span><\/p>\n<p>[\/et_pb_text][et_pb_text _builder_version=\u00bb4.25.0&#8243; _module_preset=\u00bbdefault\u00bb global_colors_info=\u00bb{}\u00bb]<\/p>\n<div><strong>Gafas Cellvital PEMF dise\u00f1adas para el tratamiento espec\u00edfico del \u00e1rea ocular<\/strong>, empleando la tecnolog\u00eda m\u00e1s avanzada de Campo Electromagn\u00e9tico Pulsado.<\/div>\n<div><\/div>\n<p>[\/et_pb_text][et_pb_text _builder_version=\u00bb4.25.0&#8243; _module_preset=\u00bbdefault\u00bb text_text_color=\u00bb#DBB564&#8243; text_font_size=\u00bb12px\u00bb custom_margin=\u00bb||0px||false|false\u00bb global_colors_info=\u00bb{}\u00bb]<\/p>\n<p><span>Despacho en 2 semanas<\/span><\/p>\n<p>[\/et_pb_text][et_pb_wc_add_to_cart show_stock=\u00bboff\u00bb _builder_version=\u00bb4.21.0&#8243; _module_preset=\u00bbdefault\u00bb custom_button=\u00bbon\u00bb button_text_size=\u00bb16px\u00bb button_text_color=\u00bb#FFFFFF\u00bb button_bg_color=\u00bb#DBB564&#8243; button_border_color=\u00bb#DBB564&#8243; button_border_radius=\u00bb25px\u00bb button_font=\u00bb|||on|||||\u00bb global_colors_info=\u00bb{}\u00bb][\/et_pb_wc_add_to_cart][\/et_pb_column][\/et_pb_row][et_pb_row _builder_version=\u00bb4.21.0&#8243; _module_preset=\u00bbdefault\u00bb locked=\u00bboff\u00bb global_colors_info=\u00bb{}\u00bb][et_pb_column type=\u00bb4_4&#8243; _builder_version=\u00bb4.21.0&#8243; _module_preset=\u00bbdefault\u00bb global_colors_info=\u00bb{}\u00bb][et_pb_tabs _builder_version=\u00bb4.25.0&#8243; _module_preset=\u00bbdefault\u00bb border_color_all=\u00bb#DBB564&#8243; global_colors_info=\u00bb{}\u00bb][et_pb_tab title=\u00bbInformaci\u00f3n Adicional\u00bb _builder_version=\u00bb4.25.0&#8243; _module_preset=\u00bbdefault\u00bb global_colors_info=\u00bb{}\u00bb]<\/p>\n<p>Las gafas CELLVITAL EYECARE est\u00e1n dise\u00f1adas espec\u00edficamente como un accesorio complementario para la terapia CELLVITAL HOMECARE, enfoc\u00e1ndose en la delicada zona de los ojos. Estas gafas deben estar conectadas a la unidad de control CELLVITAL para funcionar.<\/p>\n<p><strong>Programas recomendados:<\/strong><\/p>\n<p>El programa<strong> RELAX<\/strong> alivia los s\u00edntomas de ojos cansados, reduce el estr\u00e9s y mejora la circulaci\u00f3n sangu\u00ednea alrededor de los ojos.<\/p>\n<p>El programa <strong>BASIS<\/strong> trata la hinchaz\u00f3n, las \u00abbolsas\u00bb bajo los ojos, el enrojecimiento y las arrugas. Para un tratamiento de belleza mejorado, se recomienda aplicar suero de hialur\u00f3nico antes de comenzar la terapia.<\/p>\n<p><strong>Recomendaci\u00f3n:<\/strong> Para obtener resultados \u00f3ptimos, beba un vaso de agua estructurada antes y justo despu\u00e9s de la terapia.<\/p>\n<p>CELLVITAL HOMECARE ofrece una terapia de frecuencia electromagn\u00e9tica pulsada segura, f\u00e1cil de usar y altamente efectiva para aliviar una amplia gama de condiciones.<\/p>\n<p><strong>Incluido:<\/strong><br \/>Gafas PEMF<br \/>Peso: aproximadamente 600g<\/p>\n<p>&nbsp;<\/p>\n<p>[\/et_pb_tab][et_pb_tab title=\u00bbTecnolog\u00eda\u00bb _builder_version=\u00bb4.25.0&#8243; _module_preset=\u00bbdefault\u00bb global_colors_info=\u00bb{}\u00bb]<\/p>\n<p>CELLVITAL HOMECARE emite <strong>ondas electromagn\u00e9ticas patentadas<\/strong> en diferentes frecuencias para estimular y fomentar el <strong>proceso natural de recuperaci\u00f3n<\/strong> de su cuerpo.<\/p>\n<p>Cada aplicador de CELLVITAL HOMECARE est\u00e1 equipado con avanzadas bobinas magn\u00e9ticas que, al activarse, generan un campo magn\u00e9tico din\u00e1mico. Este campo recorre todo el cuerpo, energizando cada una de las 75 billones de c\u00e9lulas y penetrando profundamente en los tejidos a nivel celular. <strong>Activa la bioelectricidad<\/strong> en su cuerpo\u2014iones que inician sus procesos biol\u00f3gicos naturales. Esta estimulaci\u00f3n de las propias frecuencias del cuerpo, prote\u00ednas, hormonas, neurotransmisores y nervios mejora significativamente la circulaci\u00f3n, aumenta la entrega de ox\u00edgeno y facilita la desintoxicaci\u00f3n, promoviendo un sentido hol\u00edstico de bienestar.<\/p>\n<p><strong>Fabricado en Alemania.<\/strong><\/p>\n<p>[\/et_pb_tab][et_pb_tab title=\u00bbIndicaciones &#038; Contraindicaciones\u00bb _builder_version=\u00bb4.25.0&#8243; _module_preset=\u00bbdefault\u00bb global_colors_info=\u00bb{}\u00bb]<\/p>\n<p><strong>Las gafas CELLVITAL EYECARE<\/strong> de Campo Electromagn\u00e9tico Pulsado (PEMF) est\u00e1n especialmente dise\u00f1adas para proporcionar alivio dirigido y apoyo para diversas afecciones del \u00e1rea ocular. A continuaci\u00f3n, se presentan algunas indicaciones espec\u00edficas para su uso:<\/p>\n<ul>\n<li><strong>S\u00edndrome de Visi\u00f3n por Computadora:<\/strong> Perfectas para individuos que dedican muchas horas al trabajo en computadoras, estas gafas alivian s\u00edntomas como la fatiga ocular, la sequedad y la visi\u00f3n borrosa.<\/li>\n<li><strong>Ojos Cansados:<\/strong> Recomendadas para quienes sufren fatiga ocular por leer extensamente, conducir o usar pantallas durante largos per\u00edodos. Las gafas PEMF revitalizan y refrescan los ojos cansados.<\/li>\n<li><strong>Reducci\u00f3n del Estr\u00e9s:<\/strong> Ideales para aliviar s\u00edntomas de estr\u00e9s que afectan el \u00e1rea ocular, tales como tensi\u00f3n y dolores de cabeza.<\/li>\n<li><strong>Mejora de la Circulaci\u00f3n:<\/strong> Beneficiosas para incrementar el flujo sangu\u00edneo alrededor de los ojos, contribuyendo a una mejor salud y funci\u00f3n ocular.<\/li>\n<li><strong>Mejoras Cosm\u00e9ticas:<\/strong> Adecuadas para personas preocupadas por cuestiones est\u00e9ticas como bolsas bajo los ojos, enrojecimiento y arrugas. El uso combinado con suero hialur\u00f3nico puede mejorar la apariencia, reduciendo la hinchaz\u00f3n y mejorando la textura de la piel.<\/li>\n<li><strong>Mantenimiento de la Salud Ocular:<\/strong> Apropiadas para mantener una salud ocular \u00f3ptima, especialmente \u00fatiles como medida preventiva ante las exigencias diarias a las que est\u00e1n expuestos los ojos.<\/li>\n<\/ul>\n<p>Las gafas PEMF son una soluci\u00f3n no invasiva que apoya la salud y el confort ocular, especialmente valiosa en el entorno digital actual, donde se pasa mucho tiempo frente a pantallas.<\/p>\n<p><strong>Contraindicaciones<\/strong><\/p>\n<ul>\n<li>Embarazo y lactancia.<\/li>\n<li>Presencia de implantes electr\u00f3nicos como marcapasos o bombas de insulina.<\/li>\n<li>Pacientes con trasplantes de \u00f3rganos.<\/li>\n<\/ul>\n<p>[\/et_pb_tab][\/et_pb_tabs][\/et_pb_column][\/et_pb_row][\/et_pb_section][et_pb_section fb_built=\u00bb1&#8243; _builder_version=\u00bb4.21.0&#8243; _module_preset=\u00bbdefault\u00bb background_color=\u00bb#f9f9f9&#8243; custom_padding=\u00bb0px||0px|||\u00bb saved_tabs=\u00bball\u00bb locked=\u00bboff\u00bb global_colors_info=\u00bb{}\u00bb][et_pb_row _builder_version=\u00bb4.21.0&#8243; _module_preset=\u00bbdefault\u00bb custom_padding=\u00bb||0px|||\u00bb global_colors_info=\u00bb{}\u00bb][et_pb_column type=\u00bb4_4&#8243; _builder_version=\u00bb4.21.0&#8243; _module_preset=\u00bbdefault\u00bb global_colors_info=\u00bb{}\u00bb][et_pb_wc_related_products orderby=\u00bbmenu_order\u00bb include_categories=\u00bball\u00bb show_price=\u00bboff\u00bb show_rating=\u00bboff\u00bb show_sale_badge=\u00bboff\u00bb _builder_version=\u00bb4.21.0&#8243; _module_preset=\u00bbdefault\u00bb title_font=\u00bb|600|||||||\u00bb product_title_font=\u00bb|600|||||||\u00bb product_title_font_size=\u00bb18px\u00bb product_title_line_height=\u00bb1.2em\u00bb border_radii_image=\u00bbon|5px|5px|5px|5px\u00bb global_colors_info=\u00bb{}\u00bb][\/et_pb_wc_related_products][\/et_pb_column][\/et_pb_row][\/et_pb_section][et_pb_section fb_built=\u00bb1&#8243; _builder_version=\u00bb4.25.1&#8243; _module_preset=\u00bbdefault\u00bb locked=\u00bboff\u00bb global_colors_info=\u00bb{}\u00bb][et_pb_row _builder_version=\u00bb4.25.1&#8243; _module_preset=\u00bbdefault\u00bb max_width=\u00bb1778px\u00bb global_colors_info=\u00bb{}\u00bb][et_pb_column type=\u00bb4_4&#8243; _builder_version=\u00bb4.25.1&#8243; _module_preset=\u00bbdefault\u00bb global_colors_info=\u00bb{}\u00bb][et_pb_wc_reviews show_avatar=\u00bboff\u00bb show_count=\u00bboff\u00bb _builder_version=\u00bb4.25.1&#8243; _module_preset=\u00bbdefault\u00bb header_font=\u00bb|600|on||||||\u00bb header_text_align=\u00bbcenter\u00bb title_text_align=\u00bbcenter\u00bb meta_font=\u00bb||on||||||\u00bb body_font=\u00bbMontserrat||||||||\u00bb rating_text_align=\u00bbright\u00bb rating_font_size=\u00bb22px\u00bb rating_letter_spacing=\u00bb13px\u00bb button_alignment=\u00bbcenter\u00bb text_orientation=\u00bbleft\u00bb custom_margin=\u00bb||||false|false\u00bb global_colors_info=\u00bb{}\u00bb][\/et_pb_wc_reviews][\/et_pb_column][\/et_pb_row][\/et_pb_section][et_pb_section fb_built=\u00bb1&#8243; disabled_on=\u00bboff|off|off\u00bb _builder_version=\u00bb4.22.2&#8243; _module_preset=\u00bbdefault\u00bb background_color=\u00bb#DBB564&#8243; background_enable_color=\u00bboff\u00bb background_image=\u00bbhttps:\/\/ecell.es\/wp-content\/uploads\/2023\/05\/FOTO-HOME-SOMNIS-1-1-removebg-preview.png\u00bb background_size=\u00bbcustom\u00bb background_image_width=\u00bb225px\u00bb background_position=\u00bbcenter_left\u00bb custom_padding=\u00bb0px||0px||true|false\u00bb background_last_edited=\u00bbon|phone\u00bb background_enable_image_phone=\u00bboff\u00bb border_width_top=\u00bb1px\u00bb border_color_top=\u00bb#DBB564&#8243; border_width_bottom=\u00bb1px\u00bb border_color_bottom=\u00bb#DBB564&#8243; saved_tabs=\u00bball\u00bb global_colors_info=\u00bb{}\u00bb][et_pb_row column_structure=\u00bb3_4,1_4&#8243; use_custom_gutter=\u00bbon\u00bb gutter_width=\u00bb2&#8243; disabled_on=\u00bboff|off|off\u00bb _builder_version=\u00bb4.21.0&#8243; _module_preset=\u00bbdefault\u00bb background_enable_color=\u00bboff\u00bb max_width=\u00bb800px\u00bb custom_margin=\u00bb20px||20px||true|false\u00bb custom_padding=\u00bb|20px||20px|false|true\u00bb border_radii=\u00bbon|5px|5px|5px|5px\u00bb border_color_all=\u00bb#efefef\u00bb global_colors_info=\u00bb{}\u00bb][et_pb_column type=\u00bb3_4&#8243; _builder_version=\u00bb4.21.0&#8243; _module_preset=\u00bbdefault\u00bb global_colors_info=\u00bb{}\u00bb][et_pb_text _builder_version=\u00bb4.25.0&#8243; _module_preset=\u00bbdefault\u00bb text_font=\u00bb|600|||||||\u00bb text_font_size=\u00bb20px\u00bb custom_margin=\u00bb10px||||false|false\u00bb text_orientation_tablet=\u00bbcenter\u00bb text_orientation_phone=\u00bbcenter\u00bb text_orientation_last_edited=\u00bbon|phone\u00bb global_colors_info=\u00bb{}\u00bb]<\/p>\n<h4>Estamos aqu\u00ed para ayudarte. Cont\u00e1ctanos para obtener m\u00e1s informaci\u00f3n y soporte personalizado.<\/h4>\n<p>[\/et_pb_text][\/et_pb_column][et_pb_column type=\u00bb1_4&#8243; _builder_version=\u00bb4.21.0&#8243; _module_preset=\u00bbdefault\u00bb global_colors_info=\u00bb{}\u00bb][et_pb_button button_url=\u00bbhttps:\/\/ecell.es\/es\/contact\/\u00bb button_text=\u00bbContacto\u00bb button_alignment=\u00bbcenter\u00bb button_alignment_tablet=\u00bbcenter\u00bb button_alignment_last_edited=\u00bboff|desktop\u00bb _builder_version=\u00bb4.25.0&#8243; _module_preset=\u00bbdefault\u00bb button_icon=\u00bb&#x35;||divi||400&#8243; global_colors_info=\u00bb{}\u00bb][\/et_pb_button][\/et_pb_column][\/et_pb_row][\/et_pb_section]<\/p>\n<span class=\"et_bloom_bottom_trigger\"><\/span>","protected":false},"excerpt":{"rendered":"<p>Gafas Cellvital PEMF dise\u00f1adas para el tratamiento espec\u00edfico del \u00e1rea ocular, empleando la tecnolog\u00eda m\u00e1s avanzada de Campo Electromagn\u00e9tico Pulsado.<\/p>\n","protected":false},"featured_media":4088,"comment_status":"open","ping_status":"closed","template":"","meta":{"_et_pb_use_builder":"on","_et_pb_old_content":"CELLVITAL HOMECARE is the latest generation of Pulsed Electromagnetic Field Technology that performs direct cell stimulation to promote the body's natural regeneration, cell repair and energy production. The therapy is widely used by professional athletes, NASA, physiotherapists, medical doctors, etc. CELLVITAL HOMECARE is safe, easy-to-use, and highly effective for relieving a large variety of conditions.\u00a0By simply relaxing on the CELLVITAL mat for just 8 minutes twice a day, you can experience a more energetic, healthier, and happier version of yourself. CELLVITAL HOMECARE emits patented electromagnetic waves at different frequencies to stimulate and encourage your body\u2019s natural recovery process. It is a proven, scientifically validated, non-invasive method to help effectively:\r\n<ul>\r\n \t<li>Slow down aging<\/li>\r\n \t<li>Reduce chronic and post-operative inflammation and pain<\/li>\r\n \t<li>Boost the immune system<\/li>\r\n \t<li>Reduce COVID associated symptoms and facilitate recovery<\/li>\r\n \t<li>Reduce chronic stress and fatigue, relieve depression<\/li>\r\n \t<li>Boost energy (ATP) production<\/li>\r\n \t<li>Improve the quality of your sleep<\/li>\r\n \t<li>Improve circulation and microcirculation<\/li>\r\n \t<li>Reduce viscosity of blood<\/li>\r\n \t<li>Improve oxygen uptake by tissues<\/li>\r\n \t<li>Help relieve rheumatic disorders, arthritis, fibromyalgia, osteoporosis<\/li>\r\n \t<li>Improve cellular pH<\/li>\r\n \t<li>Promote faster healing of bone fractures and joint sprain<\/li>\r\n \t<li>Improve bone density<\/li>\r\n \t<li>Reduce muscle loss after surgery<\/li>\r\n \t<li>Promote faster recovery after training<\/li>\r\n \t<li>Detoxify your body<\/li>\r\n<\/ul>\r\nContraindications: pregnancy, any kind of electronic implants (like pace maker or insulin pump), organ transplantation.\u00a0PEMF therapy is intended to support overall health and wellness. It is not intended to diagnose, treat, cure, or prevent any disease or medical condition. Always consult with a healthcare professional before starting any new therapy or treatment. Individual results may vary, and no specific outcome is guaranteed.","_et_gb_content_width":""},"product_brand":[],"product_cat":[45],"product_tag":[],"class_list":{"0":"post-4019","1":"product","2":"type-product","3":"status-publish","4":"has-post-thumbnail","6":"product_cat-cellvital-home-care-es","8":"first","9":"instock","10":"taxable","11":"shipping-taxable","12":"purchasable","13":"product-type-simple"},"yoast_head":"<!-- This site is optimized with the Yoast SEO plugin v27.2 - https:\/\/yoast.com\/product\/yoast-seo-wordpress\/ -->\n<title>Compra Gafas CELLVITAL - ojos cansados | Tienda Online eCell<\/title>\n<meta name=\"description\" content=\"Gafas CELLVITAL EyeCare: tratamiento dirigido para el \u00e1rea de los ojos - ojos cansados, visi\u00f3n borrosa, hinchaz\u00f3n, bolsas. Accesorio de CELLVITAL HOMECARE.\" \/>\n<meta name=\"robots\" content=\"index, follow, max-snippet:-1, max-image-preview:large, max-video-preview:-1\" \/>\n<link rel=\"canonical\" href=\"https:\/\/ecell.es\/es\/shop\/cellvital-glasses\/\" \/>\n<meta property=\"og:locale\" content=\"es_ES\" \/>\n<meta property=\"og:type\" content=\"article\" \/>\n<meta property=\"og:title\" content=\"Compra Gafas CELLVITAL - ojos cansados | Tienda Online eCell\" \/>\n<meta property=\"og:description\" content=\"Gafas CELLVITAL EyeCare: tratamiento dirigido para el \u00e1rea de los ojos - ojos cansados, visi\u00f3n borrosa, hinchaz\u00f3n, bolsas. Accesorio de CELLVITAL HOMECARE.\" \/>\n<meta property=\"og:url\" content=\"https:\/\/ecell.es\/es\/shop\/cellvital-glasses\/\" \/>\n<meta property=\"og:site_name\" content=\"eCell\" \/>\n<meta property=\"article:publisher\" content=\"https:\/\/www.facebook.com\/eCell-Anti-Aging-Technologies-101623309114646\" \/>\n<meta property=\"article:modified_time\" content=\"2026-02-04T14:35:48+00:00\" \/>\n<meta property=\"og:image\" content=\"https:\/\/ecell.es\/wp-content\/uploads\/2024\/05\/Cellvital-EyeCare-PEMF-glasses-eCell-Online-store.jpg\" \/>\n\t<meta property=\"og:image:width\" content=\"945\" \/>\n\t<meta property=\"og:image:height\" content=\"945\" \/>\n\t<meta property=\"og:image:type\" content=\"image\/jpeg\" \/>\n<meta name=\"twitter:card\" content=\"summary_large_image\" \/>\n<meta name=\"twitter:label1\" content=\"Tiempo de lectura\" \/>\n\t<meta name=\"twitter:data1\" content=\"4 minutos\" \/>\n<script type=\"application\/ld+json\" class=\"yoast-schema-graph\">{\"@context\":\"https:\/\/schema.org\",\"@graph\":[{\"@type\":\"WebPage\",\"@id\":\"https:\/\/ecell.es\/es\/shop\/cellvital-glasses\/\",\"url\":\"https:\/\/ecell.es\/es\/shop\/cellvital-glasses\/\",\"name\":\"Compra Gafas CELLVITAL - ojos cansados | Tienda Online eCell\",\"isPartOf\":{\"@id\":\"https:\/\/ecell.es\/es\/#website\"},\"primaryImageOfPage\":{\"@id\":\"https:\/\/ecell.es\/es\/shop\/cellvital-glasses\/#primaryimage\"},\"image\":{\"@id\":\"https:\/\/ecell.es\/es\/shop\/cellvital-glasses\/#primaryimage\"},\"thumbnailUrl\":\"https:\/\/ecell.es\/wp-content\/uploads\/2024\/05\/Cellvital-EyeCare-PEMF-glasses-eCell-Online-store.jpg\",\"datePublished\":\"2024-05-01T17:59:04+00:00\",\"dateModified\":\"2026-02-04T14:35:48+00:00\",\"description\":\"Gafas CELLVITAL EyeCare: tratamiento dirigido para el \u00e1rea de los ojos - ojos cansados, visi\u00f3n borrosa, hinchaz\u00f3n, bolsas. Accesorio de CELLVITAL HOMECARE.\",\"breadcrumb\":{\"@id\":\"https:\/\/ecell.es\/es\/shop\/cellvital-glasses\/#breadcrumb\"},\"inLanguage\":\"es\",\"potentialAction\":[{\"@type\":\"ReadAction\",\"target\":[\"https:\/\/ecell.es\/es\/shop\/cellvital-glasses\/\"]}]},{\"@type\":\"ImageObject\",\"inLanguage\":\"es\",\"@id\":\"https:\/\/ecell.es\/es\/shop\/cellvital-glasses\/#primaryimage\",\"url\":\"https:\/\/ecell.es\/wp-content\/uploads\/2024\/05\/Cellvital-EyeCare-PEMF-glasses-eCell-Online-store.jpg\",\"contentUrl\":\"https:\/\/ecell.es\/wp-content\/uploads\/2024\/05\/Cellvital-EyeCare-PEMF-glasses-eCell-Online-store.jpg\",\"width\":945,\"height\":945,\"caption\":\"Cellvital EyeCare PEMF glasses eCell Online store\"},{\"@type\":\"BreadcrumbList\",\"@id\":\"https:\/\/ecell.es\/es\/shop\/cellvital-glasses\/#breadcrumb\",\"itemListElement\":[{\"@type\":\"ListItem\",\"position\":1,\"name\":\"Tienda\",\"item\":\"https:\/\/ecell.es\/es\/shop\/\"},{\"@type\":\"ListItem\",\"position\":2,\"name\":\"Gafas Cellvital EyeCare\"}]},{\"@type\":\"WebSite\",\"@id\":\"https:\/\/ecell.es\/es\/#website\",\"url\":\"https:\/\/ecell.es\/es\/\",\"name\":\"eCell\",\"description\":\"Anti-Aging Technologies\",\"publisher\":{\"@id\":\"https:\/\/ecell.es\/es\/#organization\"},\"alternateName\":\"eCell\",\"potentialAction\":[{\"@type\":\"SearchAction\",\"target\":{\"@type\":\"EntryPoint\",\"urlTemplate\":\"https:\/\/ecell.es\/es\/?s={search_term_string}\"},\"query-input\":{\"@type\":\"PropertyValueSpecification\",\"valueRequired\":true,\"valueName\":\"search_term_string\"}}],\"inLanguage\":\"es\"},{\"@type\":\"Organization\",\"@id\":\"https:\/\/ecell.es\/es\/#organization\",\"name\":\"eCell\",\"alternateName\":\"eCell\",\"url\":\"https:\/\/ecell.es\/es\/\",\"logo\":{\"@type\":\"ImageObject\",\"inLanguage\":\"es\",\"@id\":\"https:\/\/ecell.es\/es\/#\/schema\/logo\/image\/\",\"url\":\"https:\/\/ecell.es\/wp-content\/uploads\/2023\/05\/cropped-cropped-Favicon-eCell.png\",\"contentUrl\":\"https:\/\/ecell.es\/wp-content\/uploads\/2023\/05\/cropped-cropped-Favicon-eCell.png\",\"width\":512,\"height\":512,\"caption\":\"eCell\"},\"image\":{\"@id\":\"https:\/\/ecell.es\/es\/#\/schema\/logo\/image\/\"},\"sameAs\":[\"https:\/\/www.facebook.com\/eCell-Anti-Aging-Technologies-101623309114646\",\"https:\/\/www.instagram.com\/ecell.life\/\"]}]}<\/script>\n<!-- \/ Yoast SEO plugin. -->","yoast_head_json":{"title":"Compra Gafas CELLVITAL - ojos cansados | Tienda Online eCell","description":"Gafas CELLVITAL EyeCare: tratamiento dirigido para el \u00e1rea de los ojos - ojos cansados, visi\u00f3n borrosa, hinchaz\u00f3n, bolsas. Accesorio de CELLVITAL HOMECARE.","robots":{"index":"index","follow":"follow","max-snippet":"max-snippet:-1","max-image-preview":"max-image-preview:large","max-video-preview":"max-video-preview:-1"},"canonical":"https:\/\/ecell.es\/es\/shop\/cellvital-glasses\/","og_locale":"es_ES","og_type":"article","og_title":"Compra Gafas CELLVITAL - ojos cansados | Tienda Online eCell","og_description":"Gafas CELLVITAL EyeCare: tratamiento dirigido para el \u00e1rea de los ojos - ojos cansados, visi\u00f3n borrosa, hinchaz\u00f3n, bolsas. Accesorio de CELLVITAL HOMECARE.","og_url":"https:\/\/ecell.es\/es\/shop\/cellvital-glasses\/","og_site_name":"eCell","article_publisher":"https:\/\/www.facebook.com\/eCell-Anti-Aging-Technologies-101623309114646","article_modified_time":"2026-02-04T14:35:48+00:00","og_image":[{"width":945,"height":945,"url":"https:\/\/ecell.es\/wp-content\/uploads\/2024\/05\/Cellvital-EyeCare-PEMF-glasses-eCell-Online-store.jpg","type":"image\/jpeg"}],"twitter_card":"summary_large_image","twitter_misc":{"Tiempo de lectura":"4 minutos"},"schema":{"@context":"https:\/\/schema.org","@graph":[{"@type":"WebPage","@id":"https:\/\/ecell.es\/es\/shop\/cellvital-glasses\/","url":"https:\/\/ecell.es\/es\/shop\/cellvital-glasses\/","name":"Compra Gafas CELLVITAL - ojos cansados | Tienda Online eCell","isPartOf":{"@id":"https:\/\/ecell.es\/es\/#website"},"primaryImageOfPage":{"@id":"https:\/\/ecell.es\/es\/shop\/cellvital-glasses\/#primaryimage"},"image":{"@id":"https:\/\/ecell.es\/es\/shop\/cellvital-glasses\/#primaryimage"},"thumbnailUrl":"https:\/\/ecell.es\/wp-content\/uploads\/2024\/05\/Cellvital-EyeCare-PEMF-glasses-eCell-Online-store.jpg","datePublished":"2024-05-01T17:59:04+00:00","dateModified":"2026-02-04T14:35:48+00:00","description":"Gafas CELLVITAL EyeCare: tratamiento dirigido para el \u00e1rea de los ojos - ojos cansados, visi\u00f3n borrosa, hinchaz\u00f3n, bolsas. Accesorio de CELLVITAL HOMECARE.","breadcrumb":{"@id":"https:\/\/ecell.es\/es\/shop\/cellvital-glasses\/#breadcrumb"},"inLanguage":"es","potentialAction":[{"@type":"ReadAction","target":["https:\/\/ecell.es\/es\/shop\/cellvital-glasses\/"]}]},{"@type":"ImageObject","inLanguage":"es","@id":"https:\/\/ecell.es\/es\/shop\/cellvital-glasses\/#primaryimage","url":"https:\/\/ecell.es\/wp-content\/uploads\/2024\/05\/Cellvital-EyeCare-PEMF-glasses-eCell-Online-store.jpg","contentUrl":"https:\/\/ecell.es\/wp-content\/uploads\/2024\/05\/Cellvital-EyeCare-PEMF-glasses-eCell-Online-store.jpg","width":945,"height":945,"caption":"Cellvital EyeCare PEMF glasses eCell Online store"},{"@type":"BreadcrumbList","@id":"https:\/\/ecell.es\/es\/shop\/cellvital-glasses\/#breadcrumb","itemListElement":[{"@type":"ListItem","position":1,"name":"Tienda","item":"https:\/\/ecell.es\/es\/shop\/"},{"@type":"ListItem","position":2,"name":"Gafas Cellvital EyeCare"}]},{"@type":"WebSite","@id":"https:\/\/ecell.es\/es\/#website","url":"https:\/\/ecell.es\/es\/","name":"eCell","description":"Anti-Aging Technologies","publisher":{"@id":"https:\/\/ecell.es\/es\/#organization"},"alternateName":"eCell","potentialAction":[{"@type":"SearchAction","target":{"@type":"EntryPoint","urlTemplate":"https:\/\/ecell.es\/es\/?s={search_term_string}"},"query-input":{"@type":"PropertyValueSpecification","valueRequired":true,"valueName":"search_term_string"}}],"inLanguage":"es"},{"@type":"Organization","@id":"https:\/\/ecell.es\/es\/#organization","name":"eCell","alternateName":"eCell","url":"https:\/\/ecell.es\/es\/","logo":{"@type":"ImageObject","inLanguage":"es","@id":"https:\/\/ecell.es\/es\/#\/schema\/logo\/image\/","url":"https:\/\/ecell.es\/wp-content\/uploads\/2023\/05\/cropped-cropped-Favicon-eCell.png","contentUrl":"https:\/\/ecell.es\/wp-content\/uploads\/2023\/05\/cropped-cropped-Favicon-eCell.png","width":512,"height":512,"caption":"eCell"},"image":{"@id":"https:\/\/ecell.es\/es\/#\/schema\/logo\/image\/"},"sameAs":["https:\/\/www.facebook.com\/eCell-Anti-Aging-Technologies-101623309114646","https:\/\/www.instagram.com\/ecell.life\/"]}]}},"_links":{"self":[{"href":"https:\/\/ecell.es\/es\/wp-json\/wp\/v2\/product\/4019","targetHints":{"allow":["GET"]}}],"collection":[{"href":"https:\/\/ecell.es\/es\/wp-json\/wp\/v2\/product"}],"about":[{"href":"https:\/\/ecell.es\/es\/wp-json\/wp\/v2\/types\/product"}],"replies":[{"embeddable":true,"href":"https:\/\/ecell.es\/es\/wp-json\/wp\/v2\/comments?post=4019"}],"wp:featuredmedia":[{"embeddable":true,"href":"https:\/\/ecell.es\/es\/wp-json\/wp\/v2\/media\/4088"}],"wp:attachment":[{"href":"https:\/\/ecell.es\/es\/wp-json\/wp\/v2\/media?parent=4019"}],"wp:term":[{"taxonomy":"product_brand","embeddable":true,"href":"https:\/\/ecell.es\/es\/wp-json\/wp\/v2\/product_brand?post=4019"},{"taxonomy":"product_cat","embeddable":true,"href":"https:\/\/ecell.es\/es\/wp-json\/wp\/v2\/product_cat?post=4019"},{"taxonomy":"product_tag","embeddable":true,"href":"https:\/\/ecell.es\/es\/wp-json\/wp\/v2\/product_tag?post=4019"}],"curies":[{"name":"wp","href":"https:\/\/api.w.org\/{rel}","templated":true}]}}