{"id":5416,"date":"2025-02-26T16:00:06","date_gmt":"2025-02-26T15:00:06","guid":{"rendered":"https:\/\/ecell.es\/?post_type=product&#038;p=5416"},"modified":"2026-02-04T15:35:32","modified_gmt":"2026-02-04T14:35:32","slug":"ecell-biophotonic-bottle","status":"publish","type":"product","link":"https:\/\/ecell.es\/es\/shop\/ecell-biophotonic-bottle\/","title":{"rendered":"Botella Biophot\u00f3nica eCell"},"content":{"rendered":"<p>[et_pb_section fb_built=\u00bb1&#8243; _builder_version=\u00bb4.21.0&#8243; _module_preset=\u00bbdefault\u00bb background_color=\u00bb#f9f9f9&#8243; custom_padding=\u00bb0px||0px||true|false\u00bb global_colors_info=\u00bb{}\u00bb][et_pb_row _builder_version=\u00bb4.21.0&#8243; _module_preset=\u00bbdefault\u00bb custom_padding=\u00bb15px||5px||false|false\u00bb global_colors_info=\u00bb{}\u00bb][et_pb_column type=\u00bb4_4&#8243; _builder_version=\u00bb4.21.0&#8243; _module_preset=\u00bbdefault\u00bb global_colors_info=\u00bb{}\u00bb][et_pb_wc_breadcrumb _builder_version=\u00bb4.21.0&#8243; _module_preset=\u00bbdefault\u00bb global_colors_info=\u00bb{}\u00bb][\/et_pb_wc_breadcrumb][\/et_pb_column][\/et_pb_row][et_pb_row _builder_version=\u00bb4.25.1&#8243; _module_preset=\u00bbdefault\u00bb min_height=\u00bb69.2px\u00bb custom_margin=\u00bb-54px|auto||auto||\u00bb locked=\u00bboff\u00bb global_colors_info=\u00bb{}\u00bb][et_pb_column type=\u00bb4_4&#8243; _builder_version=\u00bb4.25.1&#8243; _module_preset=\u00bbdefault\u00bb global_colors_info=\u00bb{}\u00bb][\/et_pb_column][\/et_pb_row][\/et_pb_section][et_pb_section fb_built=\u00bb1&#8243; _builder_version=\u00bb4.21.0&#8243; _module_preset=\u00bbdefault\u00bb custom_padding=\u00bb20px||20px||true|false\u00bb global_colors_info=\u00bb{}\u00bb][et_pb_row column_structure=\u00bb2_5,3_5&#8243; _builder_version=\u00bb4.21.0&#8243; _module_preset=\u00bbdefault\u00bb global_colors_info=\u00bb{}\u00bb][et_pb_column type=\u00bb2_5&#8243; _builder_version=\u00bb4.21.0&#8243; _module_preset=\u00bbdefault\u00bb global_colors_info=\u00bb{}\u00bb][et_pb_wc_images _builder_version=\u00bb4.27.4&#8243; _module_preset=\u00bbdefault\u00bb global_colors_info=\u00bb{}\u00bb transform_styles__hover_enabled=\u00bboff|hover\u00bb transform_scale__hover_enabled=\u00bboff|hover\u00bb transform_translate__hover_enabled=\u00bboff|hover\u00bb transform_rotate__hover_enabled=\u00bboff|hover\u00bb transform_skew__hover_enabled=\u00bboff|hover\u00bb transform_origin__hover_enabled=\u00bboff|hover\u00bb][\/et_pb_wc_images][\/et_pb_column][et_pb_column type=\u00bb3_5&#8243; _builder_version=\u00bb4.21.0&#8243; _module_preset=\u00bbdefault\u00bb global_colors_info=\u00bb{}\u00bb][et_pb_text _builder_version=\u00bb4.25.0&#8243; _module_preset=\u00bbdefault\u00bb header_font=\u00bb|600|||||||\u00bb header_text_color=\u00bb#DBB564&#8243; header_2_font=\u00bb|600|||||||\u00bb header_2_text_color=\u00bb#DBB564&#8243; header_2_font_size=\u00bb30px\u00bb header_2_line_height=\u00bb1.2em\u00bb custom_margin=\u00bb-5px||15px||false|false\u00bb custom_padding=\u00bb||5px||false|false\u00bb border_width_bottom=\u00bb1px\u00bb border_color_bottom=\u00bb#DBB564&#8243; global_colors_info=\u00bb{}\u00bb]<\/p>\n<h1><span>Botella Biophot\u00f3nica eCell \u2013 Conjunto de 2<\/span><\/h1>\n<p>[\/et_pb_text][et_pb_wc_price _builder_version=\u00bb4.21.0&#8243; _module_preset=\u00bbdefault\u00bb body_font=\u00bb|700|||||||\u00bb body_text_color=\u00bb#686868&#8243; custom_margin=\u00bb||0px||false|false\u00bb locked=\u00bboff\u00bb global_colors_info=\u00bb{}\u00bb][\/et_pb_wc_price][et_pb_text _builder_version=\u00bb4.23&#8243; _module_preset=\u00bbdefault\u00bb text_font_size=\u00bb12px\u00bb custom_margin=\u00bb||19px|||\u00bb locked=\u00bboff\u00bb global_colors_info=\u00bb{}\u00bb]<\/p>\n<p>IVA no incluido<\/p>\n<p>[\/et_pb_text][et_pb_text _builder_version=\u00bb4.25.1&#8243; _module_preset=\u00bbdefault\u00bb global_colors_info=\u00bb{}\u00bb]<\/p>\n<p><strong data-start=\"0\" data-end=\"89\">Botella de Vidrio Biophot\u00f3nico <\/strong>para preservar y potenciar el Agua Estructurada.<br data-start=\"89\" data-end=\"92\" \/>Conjunto de 2 Unidades.<\/p>\n<p>[\/et_pb_text][et_pb_wc_rating _builder_version=\u00bb4.25.1&#8243; _module_preset=\u00bbdefault\u00bb global_colors_info=\u00bb{}\u00bb][\/et_pb_wc_rating][et_pb_text _builder_version=\u00bb4.23&#8243; _module_preset=\u00bbdefault\u00bb text_text_color=\u00bb#DBB564&#8243; text_font_size=\u00bb12px\u00bb custom_margin=\u00bb||0px||false|false\u00bb locked=\u00bboff\u00bb global_colors_info=\u00bb{}\u00bb]<\/p>\n<p><span>Entrega en 24 horas<\/span><\/p>\n<p>[\/et_pb_text][et_pb_wc_add_to_cart show_stock=\u00bboff\u00bb _builder_version=\u00bb4.21.0&#8243; _module_preset=\u00bbdefault\u00bb global_colors_info=\u00bb{}\u00bb][\/et_pb_wc_add_to_cart][\/et_pb_column][\/et_pb_row][et_pb_row _builder_version=\u00bb4.21.0&#8243; _module_preset=\u00bbdefault\u00bb locked=\u00bboff\u00bb global_colors_info=\u00bb{}\u00bb][et_pb_column type=\u00bb4_4&#8243; _builder_version=\u00bb4.21.0&#8243; _module_preset=\u00bbdefault\u00bb global_colors_info=\u00bb{}\u00bb][et_pb_tabs _builder_version=\u00bb4.25.1&#8243; _module_preset=\u00bbdefault\u00bb border_color_all=\u00bb#DBB564&#8243; global_colors_info=\u00bb{}\u00bb][et_pb_tab title=\u00bbInformac\u00edon adicional \u00bb _builder_version=\u00bb4.25.1&#8243; _module_preset=\u00bbdefault\u00bb global_colors_info=\u00bb{}\u00bb]<\/p>\n<p data-start=\"0\" data-end=\"109\"><strong data-start=\"0\" data-end=\"107\">Protege y potencia la vitalidad del Agua Estructurada con esta exclusiva BOTELLA DE VIDRIO BIOFOT\u00d3NICO.<\/strong><\/p>\n<p data-start=\"111\" data-end=\"502\">Dise\u00f1ada para preservar la calidad bioenerg\u00e9tica del agua estructurada, esta botella aprovecha el poder del sol, permitiendo el paso de los rayos UV e infrarrojos beneficiosos mientras bloquea las radiaciones nocivas del espectro de luz visible. Pruebas han demostrado que, <strong>despu\u00e9s de cinco semanas, el agua estructurada se refina a\u00fan m\u00e1s en su estructura y aumenta su densidad energ\u00e9tica.<\/strong><\/p>\n<p data-start=\"504\" data-end=\"631\">Ideal para el AGUA ESTRUCTURADA eCell o cualquier otro l\u00edquido valioso, ayuda a mantener su frescura e integridad energ\u00e9tica.<\/p>\n<p data-start=\"633\" data-end=\"758\">Fabricada con materias primas naturales, esta botella ecol\u00f3gica es reutilizable, 100 % reciclable y apta para lavavajillas.<\/p>\n<p data-start=\"760\" data-end=\"795\">Elaborada con precisi\u00f3n en la UE.<\/p>\n<p data-start=\"797\" data-end=\"862\" data-is-last-node=\"\"><strong data-start=\"797\" data-end=\"822\">Peso de cada botella:<\/strong> 800 g<br data-start=\"828\" data-end=\"831\" \/><strong data-start=\"831\" data-end=\"847\">Dimensiones:<\/strong> 9 cm \u00d7 29 cm<\/p>\n<p>[\/et_pb_tab][\/et_pb_tabs][\/et_pb_column][\/et_pb_row][\/et_pb_section][et_pb_section fb_built=\u00bb1&#8243; _builder_version=\u00bb4.21.0&#8243; _module_preset=\u00bbdefault\u00bb background_color=\u00bb#f9f9f9&#8243; custom_padding=\u00bb0px||0px|||\u00bb saved_tabs=\u00bball\u00bb locked=\u00bboff\u00bb global_colors_info=\u00bb{}\u00bb][et_pb_row _builder_version=\u00bb4.21.0&#8243; _module_preset=\u00bbdefault\u00bb custom_padding=\u00bb||0px|||\u00bb global_colors_info=\u00bb{}\u00bb][et_pb_column type=\u00bb4_4&#8243; _builder_version=\u00bb4.21.0&#8243; _module_preset=\u00bbdefault\u00bb global_colors_info=\u00bb{}\u00bb][et_pb_wc_related_products orderby=\u00bbmenu_order\u00bb include_categories=\u00bball\u00bb show_price=\u00bboff\u00bb show_rating=\u00bboff\u00bb show_sale_badge=\u00bboff\u00bb _builder_version=\u00bb4.21.0&#8243; _module_preset=\u00bbdefault\u00bb title_font=\u00bb|600|||||||\u00bb product_title_font=\u00bb|600|||||||\u00bb product_title_font_size=\u00bb18px\u00bb product_title_line_height=\u00bb1.2em\u00bb border_radii_image=\u00bbon|5px|5px|5px|5px\u00bb global_colors_info=\u00bb{}\u00bb][\/et_pb_wc_related_products][\/et_pb_column][\/et_pb_row][\/et_pb_section][et_pb_section fb_built=\u00bb1&#8243; _builder_version=\u00bb4.25.1&#8243; _module_preset=\u00bbdefault\u00bb locked=\u00bboff\u00bb global_colors_info=\u00bb{}\u00bb][et_pb_row _builder_version=\u00bb4.25.1&#8243; _module_preset=\u00bbdefault\u00bb max_width=\u00bb1778px\u00bb global_colors_info=\u00bb{}\u00bb][et_pb_column type=\u00bb4_4&#8243; _builder_version=\u00bb4.25.1&#8243; _module_preset=\u00bbdefault\u00bb global_colors_info=\u00bb{}\u00bb][et_pb_wc_reviews show_avatar=\u00bboff\u00bb show_count=\u00bboff\u00bb _builder_version=\u00bb4.25.1&#8243; _module_preset=\u00bbdefault\u00bb header_font=\u00bb|600|on||||||\u00bb header_text_align=\u00bbcenter\u00bb title_text_align=\u00bbcenter\u00bb meta_font=\u00bb||on||||||\u00bb body_font=\u00bbMontserrat||||||||\u00bb rating_text_align=\u00bbright\u00bb rating_font_size=\u00bb22px\u00bb rating_letter_spacing=\u00bb13px\u00bb button_alignment=\u00bbcenter\u00bb text_orientation=\u00bbleft\u00bb custom_margin=\u00bb||||false|false\u00bb global_colors_info=\u00bb{}\u00bb][\/et_pb_wc_reviews][\/et_pb_column][\/et_pb_row][\/et_pb_section][et_pb_section fb_built=\u00bb1&#8243; disabled_on=\u00bboff|off|off\u00bb _builder_version=\u00bb4.21.0&#8243; _module_preset=\u00bbdefault\u00bb background_color=\u00bb#DBB564&#8243; background_enable_color=\u00bboff\u00bb background_image=\u00bbhttps:\/\/ecell.es\/wp-content\/uploads\/2023\/05\/FOTO-HOME-SOMNIS-1-1-removebg-preview.png\u00bb background_size=\u00bbcustom\u00bb background_image_width=\u00bb225px\u00bb background_position=\u00bbcenter_left\u00bb custom_padding=\u00bb0px||0px||true|false\u00bb background_last_edited=\u00bbon|phone\u00bb border_width_top=\u00bb1px\u00bb border_color_top=\u00bb#DBB564&#8243; border_width_bottom=\u00bb1px\u00bb border_color_bottom=\u00bb#DBB564&#8243; saved_tabs=\u00bball\u00bb global_colors_info=\u00bb{}\u00bb][et_pb_row column_structure=\u00bb3_4,1_4&#8243; use_custom_gutter=\u00bbon\u00bb gutter_width=\u00bb2&#8243; disabled_on=\u00bboff|off|off\u00bb _builder_version=\u00bb4.21.0&#8243; _module_preset=\u00bbdefault\u00bb background_enable_color=\u00bboff\u00bb max_width=\u00bb800px\u00bb custom_margin=\u00bb20px||20px||true|false\u00bb custom_padding=\u00bb|20px||20px|false|true\u00bb border_radii=\u00bbon|5px|5px|5px|5px\u00bb border_color_all=\u00bb#efefef\u00bb global_colors_info=\u00bb{}\u00bb][et_pb_column type=\u00bb3_4&#8243; _builder_version=\u00bb4.21.0&#8243; _module_preset=\u00bbdefault\u00bb global_colors_info=\u00bb{}\u00bb][et_pb_text _builder_version=\u00bb4.24.3&#8243; _module_preset=\u00bbdefault\u00bb text_font=\u00bb|600|||||||\u00bb text_font_size=\u00bb20px\u00bb header_4_line_height=\u00bb1.2em\u00bb custom_margin=\u00bb10px||||false|false\u00bb text_orientation_tablet=\u00bbcenter\u00bb text_orientation_phone=\u00bbcenter\u00bb text_orientation_last_edited=\u00bbon|phone\u00bb global_colors_info=\u00bb{}\u00bb]<\/p>\n<h4>Estamos aqu\u00ed para ayudarte. Cont\u00e1ctanos para obtener m\u00e1s informaci\u00f3n y soporte personalizado.<\/h4>\n<p>[\/et_pb_text][\/et_pb_column][et_pb_column type=\u00bb1_4&#8243; _builder_version=\u00bb4.21.0&#8243; _module_preset=\u00bbdefault\u00bb global_colors_info=\u00bb{}\u00bb][et_pb_button button_url=\u00bbhttps:\/\/ecell.es\/es\/contacto\/\u00bb button_text=\u00bbContacta\u00bb button_alignment=\u00bbcenter\u00bb button_alignment_tablet=\u00bbcenter\u00bb button_alignment_last_edited=\u00bboff|desktop\u00bb _builder_version=\u00bb4.23&#8243; _module_preset=\u00bbdefault\u00bb button_icon=\u00bb&#x35;||divi||400&#8243; global_colors_info=\u00bb{}\u00bb][\/et_pb_button][\/et_pb_column][\/et_pb_row][\/et_pb_section]<\/p>\n<span class=\"et_bloom_bottom_trigger\"><\/span>","protected":false},"excerpt":{"rendered":"<p>Unique Biophotonic Glass Bottle to preserve and enhance structured water. Set of 2 units.<\/p>\n","protected":false},"featured_media":5424,"comment_status":"open","ping_status":"closed","template":"","meta":{"_et_pb_use_builder":"on","_et_pb_old_content":"<p data-start=\"0\" data-end=\"109\"><strong data-start=\"0\" data-end=\"107\">Protege y potencia la vitalidad del Agua Estructurada con esta exclusiva BOTELLA DE VIDRIO BIOFOT\u00d3NICO.<\/strong><\/p>\r\n<p data-start=\"111\" data-end=\"502\">Dise\u00f1ada para preservar la calidad bioenerg\u00e9tica del agua estructurada, esta botella aprovecha el poder del sol, permitiendo el paso de los rayos UV e infrarrojos beneficiosos mientras bloquea las radiaciones nocivas del espectro de luz visible. Pruebas han demostrado que, despu\u00e9s de cinco semanas, el agua estructurada se refina a\u00fan m\u00e1s en su estructura y aumenta su densidad energ\u00e9tica.<\/p>\r\n<p data-start=\"504\" data-end=\"631\">Ideal para el AGUA ESTRUCTURADA eCell o cualquier otro l\u00edquido valioso, ayuda a mantener su frescura e integridad energ\u00e9tica.<\/p>\r\n<p data-start=\"633\" data-end=\"758\">Fabricada con materias primas naturales, esta botella ecol\u00f3gica es reutilizable, 100 % reciclable y apta para lavavajillas.<\/p>\r\n<p data-start=\"760\" data-end=\"795\">Elaborada con precisi\u00f3n en la UE.<\/p>\r\n<p data-start=\"797\" data-end=\"862\" data-is-last-node=\"\"><strong data-start=\"797\" data-end=\"822\">Peso de cada botella:<\/strong> 800 g<br data-start=\"828\" data-end=\"831\" \/><strong data-start=\"831\" data-end=\"847\">Dimensiones:<\/strong> 9 cm \u00d7 29 cm<\/p>","_et_gb_content_width":""},"product_brand":[],"product_cat":[43],"product_tag":[],"class_list":{"0":"post-5416","1":"product","2":"type-product","3":"status-publish","4":"has-post-thumbnail","6":"product_cat-crystal-blue-es","8":"first","9":"instock","10":"taxable","11":"shipping-taxable","12":"purchasable","13":"product-type-simple"},"yoast_head":"<!-- This site is optimized with the Yoast SEO plugin v27.2 - https:\/\/yoast.com\/product\/yoast-seo-wordpress\/ -->\n<title>Botella Biophot\u00f3nica eCell | Tienda Online<\/title>\n<meta name=\"description\" content=\"Preserva y potencia el valor bioenerg\u00e9tico del agua estructurada o de cualquier otro l\u00edquido valioso con esta exclusiva BOTELLA DE VIDRIO BIOFOT\u00d3NICO.\" \/>\n<meta name=\"robots\" content=\"index, follow, max-snippet:-1, max-image-preview:large, max-video-preview:-1\" \/>\n<link rel=\"canonical\" href=\"https:\/\/ecell.es\/es\/shop\/ecell-biophotonic-bottle\/\" \/>\n<meta property=\"og:locale\" content=\"es_ES\" \/>\n<meta property=\"og:type\" content=\"article\" \/>\n<meta property=\"og:title\" content=\"Botella Biophot\u00f3nica eCell | Tienda Online\" \/>\n<meta property=\"og:description\" content=\"Preserva y potencia el valor bioenerg\u00e9tico del agua estructurada o de cualquier otro l\u00edquido valioso con esta exclusiva BOTELLA DE VIDRIO BIOFOT\u00d3NICO.\" \/>\n<meta property=\"og:url\" content=\"https:\/\/ecell.es\/es\/shop\/ecell-biophotonic-bottle\/\" \/>\n<meta property=\"og:site_name\" content=\"eCell\" \/>\n<meta property=\"article:publisher\" content=\"https:\/\/www.facebook.com\/eCell-Anti-Aging-Technologies-101623309114646\" \/>\n<meta property=\"article:modified_time\" content=\"2026-02-04T14:35:32+00:00\" \/>\n<meta property=\"og:image\" content=\"https:\/\/ecell.es\/wp-content\/uploads\/2025\/02\/Biophotonic-bottle-for-structured-water.png\" \/>\n\t<meta property=\"og:image:width\" content=\"1080\" \/>\n\t<meta property=\"og:image:height\" content=\"1080\" \/>\n\t<meta property=\"og:image:type\" content=\"image\/png\" \/>\n<meta name=\"twitter:card\" content=\"summary_large_image\" \/>\n<meta name=\"twitter:label1\" content=\"Tiempo de lectura\" \/>\n\t<meta name=\"twitter:data1\" content=\"3 minutos\" \/>\n<script type=\"application\/ld+json\" class=\"yoast-schema-graph\">{\"@context\":\"https:\/\/schema.org\",\"@graph\":[{\"@type\":\"WebPage\",\"@id\":\"https:\/\/ecell.es\/es\/shop\/ecell-biophotonic-bottle\/\",\"url\":\"https:\/\/ecell.es\/es\/shop\/ecell-biophotonic-bottle\/\",\"name\":\"Botella Biophot\u00f3nica eCell | Tienda Online\",\"isPartOf\":{\"@id\":\"https:\/\/ecell.es\/es\/#website\"},\"primaryImageOfPage\":{\"@id\":\"https:\/\/ecell.es\/es\/shop\/ecell-biophotonic-bottle\/#primaryimage\"},\"image\":{\"@id\":\"https:\/\/ecell.es\/es\/shop\/ecell-biophotonic-bottle\/#primaryimage\"},\"thumbnailUrl\":\"https:\/\/ecell.es\/wp-content\/uploads\/2025\/02\/Biophotonic-bottle-for-structured-water.png\",\"datePublished\":\"2025-02-26T15:00:06+00:00\",\"dateModified\":\"2026-02-04T14:35:32+00:00\",\"description\":\"Preserva y potencia el valor bioenerg\u00e9tico del agua estructurada o de cualquier otro l\u00edquido valioso con esta exclusiva BOTELLA DE VIDRIO BIOFOT\u00d3NICO.\",\"breadcrumb\":{\"@id\":\"https:\/\/ecell.es\/es\/shop\/ecell-biophotonic-bottle\/#breadcrumb\"},\"inLanguage\":\"es\",\"potentialAction\":[{\"@type\":\"ReadAction\",\"target\":[\"https:\/\/ecell.es\/es\/shop\/ecell-biophotonic-bottle\/\"]}]},{\"@type\":\"ImageObject\",\"inLanguage\":\"es\",\"@id\":\"https:\/\/ecell.es\/es\/shop\/ecell-biophotonic-bottle\/#primaryimage\",\"url\":\"https:\/\/ecell.es\/wp-content\/uploads\/2025\/02\/Biophotonic-bottle-for-structured-water.png\",\"contentUrl\":\"https:\/\/ecell.es\/wp-content\/uploads\/2025\/02\/Biophotonic-bottle-for-structured-water.png\",\"width\":1080,\"height\":1080},{\"@type\":\"BreadcrumbList\",\"@id\":\"https:\/\/ecell.es\/es\/shop\/ecell-biophotonic-bottle\/#breadcrumb\",\"itemListElement\":[{\"@type\":\"ListItem\",\"position\":1,\"name\":\"Tienda\",\"item\":\"https:\/\/ecell.es\/es\/shop\/\"},{\"@type\":\"ListItem\",\"position\":2,\"name\":\"Botella Biophot\u00f3nica eCell\"}]},{\"@type\":\"WebSite\",\"@id\":\"https:\/\/ecell.es\/es\/#website\",\"url\":\"https:\/\/ecell.es\/es\/\",\"name\":\"eCell\",\"description\":\"Anti-Aging Technologies\",\"publisher\":{\"@id\":\"https:\/\/ecell.es\/es\/#organization\"},\"alternateName\":\"eCell\",\"potentialAction\":[{\"@type\":\"SearchAction\",\"target\":{\"@type\":\"EntryPoint\",\"urlTemplate\":\"https:\/\/ecell.es\/es\/?s={search_term_string}\"},\"query-input\":{\"@type\":\"PropertyValueSpecification\",\"valueRequired\":true,\"valueName\":\"search_term_string\"}}],\"inLanguage\":\"es\"},{\"@type\":\"Organization\",\"@id\":\"https:\/\/ecell.es\/es\/#organization\",\"name\":\"eCell\",\"alternateName\":\"eCell\",\"url\":\"https:\/\/ecell.es\/es\/\",\"logo\":{\"@type\":\"ImageObject\",\"inLanguage\":\"es\",\"@id\":\"https:\/\/ecell.es\/es\/#\/schema\/logo\/image\/\",\"url\":\"https:\/\/ecell.es\/wp-content\/uploads\/2023\/05\/cropped-cropped-Favicon-eCell.png\",\"contentUrl\":\"https:\/\/ecell.es\/wp-content\/uploads\/2023\/05\/cropped-cropped-Favicon-eCell.png\",\"width\":512,\"height\":512,\"caption\":\"eCell\"},\"image\":{\"@id\":\"https:\/\/ecell.es\/es\/#\/schema\/logo\/image\/\"},\"sameAs\":[\"https:\/\/www.facebook.com\/eCell-Anti-Aging-Technologies-101623309114646\",\"https:\/\/www.instagram.com\/ecell.life\/\"]}]}<\/script>\n<!-- \/ Yoast SEO plugin. -->","yoast_head_json":{"title":"Botella Biophot\u00f3nica eCell | Tienda Online","description":"Preserva y potencia el valor bioenerg\u00e9tico del agua estructurada o de cualquier otro l\u00edquido valioso con esta exclusiva BOTELLA DE VIDRIO BIOFOT\u00d3NICO.","robots":{"index":"index","follow":"follow","max-snippet":"max-snippet:-1","max-image-preview":"max-image-preview:large","max-video-preview":"max-video-preview:-1"},"canonical":"https:\/\/ecell.es\/es\/shop\/ecell-biophotonic-bottle\/","og_locale":"es_ES","og_type":"article","og_title":"Botella Biophot\u00f3nica eCell | Tienda Online","og_description":"Preserva y potencia el valor bioenerg\u00e9tico del agua estructurada o de cualquier otro l\u00edquido valioso con esta exclusiva BOTELLA DE VIDRIO BIOFOT\u00d3NICO.","og_url":"https:\/\/ecell.es\/es\/shop\/ecell-biophotonic-bottle\/","og_site_name":"eCell","article_publisher":"https:\/\/www.facebook.com\/eCell-Anti-Aging-Technologies-101623309114646","article_modified_time":"2026-02-04T14:35:32+00:00","og_image":[{"width":1080,"height":1080,"url":"https:\/\/ecell.es\/wp-content\/uploads\/2025\/02\/Biophotonic-bottle-for-structured-water.png","type":"image\/png"}],"twitter_card":"summary_large_image","twitter_misc":{"Tiempo de lectura":"3 minutos"},"schema":{"@context":"https:\/\/schema.org","@graph":[{"@type":"WebPage","@id":"https:\/\/ecell.es\/es\/shop\/ecell-biophotonic-bottle\/","url":"https:\/\/ecell.es\/es\/shop\/ecell-biophotonic-bottle\/","name":"Botella Biophot\u00f3nica eCell | Tienda Online","isPartOf":{"@id":"https:\/\/ecell.es\/es\/#website"},"primaryImageOfPage":{"@id":"https:\/\/ecell.es\/es\/shop\/ecell-biophotonic-bottle\/#primaryimage"},"image":{"@id":"https:\/\/ecell.es\/es\/shop\/ecell-biophotonic-bottle\/#primaryimage"},"thumbnailUrl":"https:\/\/ecell.es\/wp-content\/uploads\/2025\/02\/Biophotonic-bottle-for-structured-water.png","datePublished":"2025-02-26T15:00:06+00:00","dateModified":"2026-02-04T14:35:32+00:00","description":"Preserva y potencia el valor bioenerg\u00e9tico del agua estructurada o de cualquier otro l\u00edquido valioso con esta exclusiva BOTELLA DE VIDRIO BIOFOT\u00d3NICO.","breadcrumb":{"@id":"https:\/\/ecell.es\/es\/shop\/ecell-biophotonic-bottle\/#breadcrumb"},"inLanguage":"es","potentialAction":[{"@type":"ReadAction","target":["https:\/\/ecell.es\/es\/shop\/ecell-biophotonic-bottle\/"]}]},{"@type":"ImageObject","inLanguage":"es","@id":"https:\/\/ecell.es\/es\/shop\/ecell-biophotonic-bottle\/#primaryimage","url":"https:\/\/ecell.es\/wp-content\/uploads\/2025\/02\/Biophotonic-bottle-for-structured-water.png","contentUrl":"https:\/\/ecell.es\/wp-content\/uploads\/2025\/02\/Biophotonic-bottle-for-structured-water.png","width":1080,"height":1080},{"@type":"BreadcrumbList","@id":"https:\/\/ecell.es\/es\/shop\/ecell-biophotonic-bottle\/#breadcrumb","itemListElement":[{"@type":"ListItem","position":1,"name":"Tienda","item":"https:\/\/ecell.es\/es\/shop\/"},{"@type":"ListItem","position":2,"name":"Botella Biophot\u00f3nica eCell"}]},{"@type":"WebSite","@id":"https:\/\/ecell.es\/es\/#website","url":"https:\/\/ecell.es\/es\/","name":"eCell","description":"Anti-Aging Technologies","publisher":{"@id":"https:\/\/ecell.es\/es\/#organization"},"alternateName":"eCell","potentialAction":[{"@type":"SearchAction","target":{"@type":"EntryPoint","urlTemplate":"https:\/\/ecell.es\/es\/?s={search_term_string}"},"query-input":{"@type":"PropertyValueSpecification","valueRequired":true,"valueName":"search_term_string"}}],"inLanguage":"es"},{"@type":"Organization","@id":"https:\/\/ecell.es\/es\/#organization","name":"eCell","alternateName":"eCell","url":"https:\/\/ecell.es\/es\/","logo":{"@type":"ImageObject","inLanguage":"es","@id":"https:\/\/ecell.es\/es\/#\/schema\/logo\/image\/","url":"https:\/\/ecell.es\/wp-content\/uploads\/2023\/05\/cropped-cropped-Favicon-eCell.png","contentUrl":"https:\/\/ecell.es\/wp-content\/uploads\/2023\/05\/cropped-cropped-Favicon-eCell.png","width":512,"height":512,"caption":"eCell"},"image":{"@id":"https:\/\/ecell.es\/es\/#\/schema\/logo\/image\/"},"sameAs":["https:\/\/www.facebook.com\/eCell-Anti-Aging-Technologies-101623309114646","https:\/\/www.instagram.com\/ecell.life\/"]}]}},"_links":{"self":[{"href":"https:\/\/ecell.es\/es\/wp-json\/wp\/v2\/product\/5416","targetHints":{"allow":["GET"]}}],"collection":[{"href":"https:\/\/ecell.es\/es\/wp-json\/wp\/v2\/product"}],"about":[{"href":"https:\/\/ecell.es\/es\/wp-json\/wp\/v2\/types\/product"}],"replies":[{"embeddable":true,"href":"https:\/\/ecell.es\/es\/wp-json\/wp\/v2\/comments?post=5416"}],"wp:featuredmedia":[{"embeddable":true,"href":"https:\/\/ecell.es\/es\/wp-json\/wp\/v2\/media\/5424"}],"wp:attachment":[{"href":"https:\/\/ecell.es\/es\/wp-json\/wp\/v2\/media?parent=5416"}],"wp:term":[{"taxonomy":"product_brand","embeddable":true,"href":"https:\/\/ecell.es\/es\/wp-json\/wp\/v2\/product_brand?post=5416"},{"taxonomy":"product_cat","embeddable":true,"href":"https:\/\/ecell.es\/es\/wp-json\/wp\/v2\/product_cat?post=5416"},{"taxonomy":"product_tag","embeddable":true,"href":"https:\/\/ecell.es\/es\/wp-json\/wp\/v2\/product_tag?post=5416"}],"curies":[{"name":"wp","href":"https:\/\/api.w.org\/{rel}","templated":true}]}}